{"id":434,"date":"2024-05-29T16:26:12","date_gmt":"2024-05-29T14:26:12","guid":{"rendered":"http:\/\/www.josepbou.com\/?page_id=434"},"modified":"2024-06-26T15:16:09","modified_gmt":"2024-06-26T13:16:09","slug":"exposicio-1-roses","status":"publish","type":"page","link":"https:\/\/www.josepbou.com\/?page_id=434&lang=ca","title":{"rendered":"Exposici\u00f3 1. ROSES"},"content":{"rendered":"<div class=\"wpb-content-wrapper\">[vc_row][vc_column]\n\t\t\t<!-- START Exposicion1 REVOLUTION SLIDER 6.7.4 --><p class=\"rs-p-wp-fix\"><\/p>\n\t\t\t<rs-module-wrap id=\"rev_slider_2_1_wrapper\" data-source=\"gallery\" style=\"visibility:hidden;background:transparent;padding:0;margin:0px auto;margin-top:0;margin-bottom:0;\">\n\t\t\t\t<rs-module id=\"rev_slider_2_1\" style=\"\" data-version=\"6.7.4\">\n\t\t\t\t\t<rs-slides style=\"overflow: hidden; position: absolute;\">\n\t\t\t\t\t\t<rs-slide style=\"position: absolute;\" data-key=\"rs-3\" data-title=\"Slide1\" data-thumb=\"\/\/www.josepbou.com\/wp-content\/uploads\/2024\/05\/ROSES_1_30.jpg\" data-in=\"o:0;\" data-out=\"a:false;\">\n\t\t\t\t\t\t\t<img src=\"\/\/www.josepbou.com\/wp-content\/plugins\/revslider\/sr6\/assets\/assets\/dummy.png\" alt=\"Slide1\" title=\"ROSES_1_30\" width=\"615\" height=\"886\" class=\"rev-slidebg tp-rs-img rs-lazyload\" data-lazyload=\"\/\/www.josepbou.com\/wp-content\/plugins\/revslider\/sr6\/assets\/assets\/transparent.png\" data-bg=\"f:contain;\" data-no-retina>\n<!--\n\t\t\t\t\t\t\t--><rs-layer\n\t\t\t\t\t\t\t\tid=\"slider-2-slide-3-layer-0\" \n\t\t\t\t\t\t\t\tdata-type=\"image\"\n\t\t\t\t\t\t\t\tdata-rsp_ch=\"on\"\n\t\t\t\t\t\t\t\tdata-xy=\"x:c;y:m;\"\n\t\t\t\t\t\t\t\tdata-text=\"w:normal;s:20,23,17,10;l:0,28,21,12;\"\n\t\t\t\t\t\t\t\tdata-dim=\"w:886px,1023px,777px,479px;h:650px,751px,570px,351px;\"\n\t\t\t\t\t\t\t\tdata-frame_999=\"o:0;st:w;\"\n\t\t\t\t\t\t\t\tstyle=\"z-index:5;\"\n\t\t\t\t\t\t\t><img src=\"\/\/www.josepbou.com\/wp-content\/plugins\/revslider\/sr6\/assets\/assets\/dummy.png\" alt=\"\" class=\"tp-rs-img rs-lazyload\" width=\"886\" height=\"650\" data-lazyload=\"\/\/www.josepbou.com\/wp-content\/uploads\/2024\/10\/Foto-1.jpg\" data-no-retina> \n\t\t\t\t\t\t\t<\/rs-layer><!--\n-->\t\t\t\t\t<\/rs-slide>\n\t\t\t\t\t\t<rs-slide style=\"position: absolute;\" data-key=\"rs-4\" data-title=\"Slide2\" data-thumb=\"\/\/www.josepbou.com\/wp-content\/uploads\/2024\/05\/ROSES_2_30.jpg\" data-in=\"o:0;\" data-out=\"a:false;\">\n\t\t\t\t\t\t\t<img src=\"\/\/www.josepbou.com\/wp-content\/plugins\/revslider\/sr6\/assets\/assets\/dummy.png\" alt=\"Slide2\" title=\"ROSES_2_30\" width=\"615\" height=\"886\" class=\"rev-slidebg tp-rs-img rs-lazyload\" data-lazyload=\"\/\/www.josepbou.com\/wp-content\/plugins\/revslider\/sr6\/assets\/assets\/transparent.png\" data-bg=\"f:contain;\" data-no-retina>\n<!--\n\t\t\t\t\t\t\t--><rs-layer\n\t\t\t\t\t\t\t\tid=\"slider-2-slide-4-layer-2\" \n\t\t\t\t\t\t\t\tdata-type=\"image\"\n\t\t\t\t\t\t\t\tdata-rsp_ch=\"on\"\n\t\t\t\t\t\t\t\tdata-xy=\"x:c;y:m;\"\n\t\t\t\t\t\t\t\tdata-text=\"w:normal;s:20,23,17,10;l:0,28,21,12;\"\n\t\t\t\t\t\t\t\tdata-dim=\"w:886px,1023px,777px,479px;h:650px,751px,570px,351px;\"\n\t\t\t\t\t\t\t\tdata-frame_999=\"o:0;st:w;\"\n\t\t\t\t\t\t\t\tstyle=\"z-index:5;\"\n\t\t\t\t\t\t\t><img src=\"\/\/www.josepbou.com\/wp-content\/plugins\/revslider\/sr6\/assets\/assets\/dummy.png\" alt=\"\" class=\"tp-rs-img rs-lazyload\" width=\"886\" height=\"650\" data-lazyload=\"\/\/www.josepbou.com\/wp-content\/uploads\/2024\/10\/Foto-2.jpg\" data-no-retina> \n\t\t\t\t\t\t\t<\/rs-layer><!--\n-->\t\t\t\t\t<\/rs-slide>\n\t\t\t\t\t\t<rs-slide style=\"position: absolute;\" data-key=\"rs-5\" data-title=\"Slide3\" data-thumb=\"\/\/www.josepbou.com\/wp-content\/uploads\/2024\/05\/ROSES_3_30.jpg\" data-in=\"o:0;\" data-out=\"a:false;\">\n\t\t\t\t\t\t\t<img src=\"\/\/www.josepbou.com\/wp-content\/plugins\/revslider\/sr6\/assets\/assets\/dummy.png\" alt=\"Slide3\" title=\"ROSES_3_30\" width=\"615\" height=\"886\" class=\"rev-slidebg tp-rs-img rs-lazyload\" data-lazyload=\"\/\/www.josepbou.com\/wp-content\/plugins\/revslider\/sr6\/assets\/assets\/transparent.png\" data-bg=\"f:contain;\" data-no-retina>\n<!--\n\t\t\t\t\t\t\t--><rs-layer\n\t\t\t\t\t\t\t\tid=\"slider-2-slide-5-layer-6\" \n\t\t\t\t\t\t\t\tdata-type=\"image\"\n\t\t\t\t\t\t\t\tdata-rsp_ch=\"on\"\n\t\t\t\t\t\t\t\tdata-xy=\"x:c;y:m;\"\n\t\t\t\t\t\t\t\tdata-text=\"w:normal;s:20,23,17,10;l:0,28,21,12;\"\n\t\t\t\t\t\t\t\tdata-dim=\"w:886px,1023px,777px,479px;h:650px,751px,570px,351px;\"\n\t\t\t\t\t\t\t\tdata-frame_999=\"o:0;st:w;\"\n\t\t\t\t\t\t\t\tstyle=\"z-index:5;\"\n\t\t\t\t\t\t\t><img src=\"\/\/www.josepbou.com\/wp-content\/plugins\/revslider\/sr6\/assets\/assets\/dummy.png\" alt=\"\" class=\"tp-rs-img rs-lazyload\" width=\"886\" height=\"650\" data-lazyload=\"\/\/www.josepbou.com\/wp-content\/uploads\/2024\/10\/Foto-3.jpg\" data-no-retina> \n\t\t\t\t\t\t\t<\/rs-layer><!--\n-->\t\t\t\t\t<\/rs-slide>\n\t\t\t\t\t\t<rs-slide style=\"position: absolute;\" data-key=\"rs-6\" data-title=\"Slide4\" data-thumb=\"\/\/www.josepbou.com\/wp-content\/uploads\/2024\/05\/ROSES_4_30.jpg\" data-in=\"o:0;\" data-out=\"a:false;\">\n\t\t\t\t\t\t\t<img src=\"\/\/www.josepbou.com\/wp-content\/plugins\/revslider\/sr6\/assets\/assets\/dummy.png\" alt=\"Slide4\" title=\"ROSES_4_30\" width=\"615\" height=\"886\" class=\"rev-slidebg tp-rs-img rs-lazyload\" data-lazyload=\"\/\/www.josepbou.com\/wp-content\/plugins\/revslider\/sr6\/assets\/assets\/transparent.png\" data-bg=\"f:contain;\" data-no-retina>\n<!--\n\t\t\t\t\t\t\t--><rs-layer\n\t\t\t\t\t\t\t\tid=\"slider-2-slide-6-layer-8\" \n\t\t\t\t\t\t\t\tdata-type=\"image\"\n\t\t\t\t\t\t\t\tdata-rsp_ch=\"on\"\n\t\t\t\t\t\t\t\tdata-xy=\"x:c;y:m;\"\n\t\t\t\t\t\t\t\tdata-text=\"w:normal;s:20,23,17,10;l:0,28,21,12;\"\n\t\t\t\t\t\t\t\tdata-dim=\"w:886px,1023px,777px,479px;h:650px,751px,570px,351px;\"\n\t\t\t\t\t\t\t\tdata-frame_999=\"o:0;st:w;\"\n\t\t\t\t\t\t\t\tstyle=\"z-index:5;\"\n\t\t\t\t\t\t\t><img src=\"\/\/www.josepbou.com\/wp-content\/plugins\/revslider\/sr6\/assets\/assets\/dummy.png\" alt=\"\" class=\"tp-rs-img rs-lazyload\" width=\"886\" height=\"650\" data-lazyload=\"\/\/www.josepbou.com\/wp-content\/uploads\/2024\/10\/Foto-4.jpg\" data-no-retina> \n\t\t\t\t\t\t\t<\/rs-layer><!--\n-->\t\t\t\t\t<\/rs-slide>\n\t\t\t\t\t\t<rs-slide style=\"position: absolute;\" data-key=\"rs-7\" data-title=\"Slide5\" data-thumb=\"\/\/www.josepbou.com\/wp-content\/uploads\/2024\/05\/ROSES_5_30.jpg\" data-in=\"o:0;\" data-out=\"a:false;\">\n\t\t\t\t\t\t\t<img src=\"\/\/www.josepbou.com\/wp-content\/plugins\/revslider\/sr6\/assets\/assets\/dummy.png\" alt=\"Slide5\" title=\"ROSES_5_30\" width=\"615\" height=\"886\" class=\"rev-slidebg tp-rs-img rs-lazyload\" data-lazyload=\"\/\/www.josepbou.com\/wp-content\/plugins\/revslider\/sr6\/assets\/assets\/transparent.png\" data-bg=\"f:contain;\" data-no-retina>\n<!--\n\t\t\t\t\t\t\t--><rs-layer\n\t\t\t\t\t\t\t\tid=\"slider-2-slide-7-layer-13\" \n\t\t\t\t\t\t\t\tdata-type=\"image\"\n\t\t\t\t\t\t\t\tdata-rsp_ch=\"on\"\n\t\t\t\t\t\t\t\tdata-xy=\"x:c;y:m;\"\n\t\t\t\t\t\t\t\tdata-text=\"w:normal;s:20,23,17,10;l:0,28,21,12;\"\n\t\t\t\t\t\t\t\tdata-dim=\"w:886px,1023px,777px,479px;h:650px,751px,570px,351px;\"\n\t\t\t\t\t\t\t\tdata-frame_999=\"o:0;st:w;\"\n\t\t\t\t\t\t\t\tstyle=\"z-index:5;\"\n\t\t\t\t\t\t\t><img src=\"\/\/www.josepbou.com\/wp-content\/plugins\/revslider\/sr6\/assets\/assets\/dummy.png\" alt=\"\" class=\"tp-rs-img rs-lazyload\" width=\"886\" height=\"650\" data-lazyload=\"\/\/www.josepbou.com\/wp-content\/uploads\/2024\/10\/Foto-5.jpg\" data-no-retina> \n\t\t\t\t\t\t\t<\/rs-layer><!--\n-->\t\t\t\t\t<\/rs-slide>\n\t\t\t\t\t\t<rs-slide style=\"position: absolute;\" data-key=\"rs-8\" data-title=\"Slide6\" data-thumb=\"\/\/www.josepbou.com\/wp-content\/uploads\/2024\/05\/ROSES_6_30.jpg\" data-in=\"o:0;\" data-out=\"a:false;\">\n\t\t\t\t\t\t\t<img src=\"\/\/www.josepbou.com\/wp-content\/plugins\/revslider\/sr6\/assets\/assets\/dummy.png\" alt=\"Slide6\" title=\"ROSES_6_30\" width=\"615\" height=\"886\" class=\"rev-slidebg tp-rs-img rs-lazyload\" data-lazyload=\"\/\/www.josepbou.com\/wp-content\/plugins\/revslider\/sr6\/assets\/assets\/transparent.png\" data-bg=\"f:contain;\" data-no-retina>\n<!--\n\t\t\t\t\t\t\t--><rs-layer\n\t\t\t\t\t\t\t\tid=\"slider-2-slide-8-layer-14\" \n\t\t\t\t\t\t\t\tdata-type=\"image\"\n\t\t\t\t\t\t\t\tdata-rsp_ch=\"on\"\n\t\t\t\t\t\t\t\tdata-xy=\"x:c;y:m;\"\n\t\t\t\t\t\t\t\tdata-text=\"w:normal;s:20,23,17,10;l:0,28,21,12;\"\n\t\t\t\t\t\t\t\tdata-dim=\"w:886px,1023px,777px,479px;h:650px,751px,570px,351px;\"\n\t\t\t\t\t\t\t\tdata-frame_999=\"o:0;st:w;\"\n\t\t\t\t\t\t\t\tstyle=\"z-index:5;\"\n\t\t\t\t\t\t\t><img src=\"\/\/www.josepbou.com\/wp-content\/plugins\/revslider\/sr6\/assets\/assets\/dummy.png\" alt=\"\" class=\"tp-rs-img rs-lazyload\" width=\"886\" height=\"650\" data-lazyload=\"\/\/www.josepbou.com\/wp-content\/uploads\/2024\/10\/Foto-6.jpg\" data-no-retina> \n\t\t\t\t\t\t\t<\/rs-layer><!--\n-->\t\t\t\t\t<\/rs-slide>\n\t\t\t\t\t\t<rs-slide style=\"position: absolute;\" data-key=\"rs-9\" data-title=\"Slide7\" data-thumb=\"\/\/www.josepbou.com\/wp-content\/uploads\/2024\/05\/ROSES_7_30.jpg\" data-in=\"o:0;\" data-out=\"a:false;\">\n\t\t\t\t\t\t\t<img src=\"\/\/www.josepbou.com\/wp-content\/plugins\/revslider\/sr6\/assets\/assets\/dummy.png\" alt=\"Slide7\" title=\"ROSES_7_30\" width=\"615\" height=\"886\" class=\"rev-slidebg tp-rs-img rs-lazyload\" data-lazyload=\"\/\/www.josepbou.com\/wp-content\/plugins\/revslider\/sr6\/assets\/assets\/transparent.png\" data-bg=\"f:contain;\" data-no-retina>\n<!--\n\t\t\t\t\t\t\t--><rs-layer\n\t\t\t\t\t\t\t\tid=\"slider-2-slide-9-layer-15\" \n\t\t\t\t\t\t\t\tdata-type=\"image\"\n\t\t\t\t\t\t\t\tdata-rsp_ch=\"on\"\n\t\t\t\t\t\t\t\tdata-xy=\"x:c;y:m;\"\n\t\t\t\t\t\t\t\tdata-text=\"w:normal;s:20,23,17,10;l:0,28,21,12;\"\n\t\t\t\t\t\t\t\tdata-dim=\"w:886px,1023px,777px,479px;h:650px,751px,570px,351px;\"\n\t\t\t\t\t\t\t\tdata-frame_999=\"o:0;st:w;\"\n\t\t\t\t\t\t\t\tstyle=\"z-index:5;\"\n\t\t\t\t\t\t\t><img src=\"\/\/www.josepbou.com\/wp-content\/plugins\/revslider\/sr6\/assets\/assets\/dummy.png\" alt=\"\" class=\"tp-rs-img rs-lazyload\" width=\"886\" height=\"650\" data-lazyload=\"\/\/www.josepbou.com\/wp-content\/uploads\/2024\/10\/Foto-7.jpg\" data-no-retina> \n\t\t\t\t\t\t\t<\/rs-layer><!--\n-->\t\t\t\t\t<\/rs-slide>\n\t\t\t\t\t\t<rs-slide style=\"position: absolute;\" data-key=\"rs-10\" data-title=\"Slide8\" data-thumb=\"\/\/www.josepbou.com\/wp-content\/uploads\/2024\/05\/ROSES_8_30.jpg\" data-in=\"o:0;\" data-out=\"a:false;\">\n\t\t\t\t\t\t\t<img src=\"\/\/www.josepbou.com\/wp-content\/plugins\/revslider\/sr6\/assets\/assets\/dummy.png\" alt=\"Slide8\" title=\"ROSES_8_30\" width=\"615\" height=\"886\" class=\"rev-slidebg tp-rs-img rs-lazyload\" data-lazyload=\"\/\/www.josepbou.com\/wp-content\/plugins\/revslider\/sr6\/assets\/assets\/transparent.png\" data-bg=\"f:contain;\" data-no-retina>\n<!--\n\t\t\t\t\t\t\t--><rs-layer\n\t\t\t\t\t\t\t\tid=\"slider-2-slide-10-layer-11\" \n\t\t\t\t\t\t\t\tdata-type=\"image\"\n\t\t\t\t\t\t\t\tdata-rsp_ch=\"on\"\n\t\t\t\t\t\t\t\tdata-xy=\"x:c;y:m;\"\n\t\t\t\t\t\t\t\tdata-text=\"w:normal;s:20,23,17,10;l:0,28,21,12;\"\n\t\t\t\t\t\t\t\tdata-dim=\"w:615px,710px,539px,332px;h:886px,1023px,777px,479px;\"\n\t\t\t\t\t\t\t\tdata-frame_999=\"o:0;st:w;\"\n\t\t\t\t\t\t\t\tstyle=\"z-index:5;\"\n\t\t\t\t\t\t\t><img src=\"\/\/www.josepbou.com\/wp-content\/plugins\/revslider\/sr6\/assets\/assets\/dummy.png\" alt=\"\" class=\"tp-rs-img rs-lazyload\" width=\"615\" height=\"886\" data-lazyload=\"\/\/www.josepbou.com\/wp-content\/uploads\/2024\/09\/Web-Expo-Roses-08.jpg\" data-no-retina> \n\t\t\t\t\t\t\t<\/rs-layer><!--\n\n\t\t\t\t\t\t\t--><rs-layer\n\t\t\t\t\t\t\t\tid=\"slider-2-slide-10-layer-16\" \n\t\t\t\t\t\t\t\tdata-type=\"image\"\n\t\t\t\t\t\t\t\tdata-rsp_ch=\"on\"\n\t\t\t\t\t\t\t\tdata-xy=\"x:c;y:m;\"\n\t\t\t\t\t\t\t\tdata-text=\"w:normal;s:20,23,17,10;l:0,28,21,12;\"\n\t\t\t\t\t\t\t\tdata-dim=\"w:886px,1023px,777px,479px;h:650px,751px,570px,351px;\"\n\t\t\t\t\t\t\t\tdata-frame_999=\"o:0;st:w;\"\n\t\t\t\t\t\t\t\tstyle=\"z-index:6;\"\n\t\t\t\t\t\t\t><img src=\"\/\/www.josepbou.com\/wp-content\/plugins\/revslider\/sr6\/assets\/assets\/dummy.png\" alt=\"\" class=\"tp-rs-img rs-lazyload\" width=\"886\" height=\"650\" data-lazyload=\"\/\/www.josepbou.com\/wp-content\/uploads\/2024\/10\/Foto-8.jpg\" data-no-retina> \n\t\t\t\t\t\t\t<\/rs-layer><!--\n-->\t\t\t\t\t<\/rs-slide>\n\t\t\t\t\t\t<rs-slide style=\"position: absolute;\" data-key=\"rs-11\" data-title=\"Slide9\" data-thumb=\"\/\/www.josepbou.com\/wp-content\/uploads\/2024\/05\/ROSES_9_30.jpg\" data-in=\"o:0;\" data-out=\"a:false;\">\n\t\t\t\t\t\t\t<img src=\"\/\/www.josepbou.com\/wp-content\/plugins\/revslider\/sr6\/assets\/assets\/dummy.png\" alt=\"Slide9\" title=\"ROSES_9_30\" width=\"615\" height=\"886\" class=\"rev-slidebg tp-rs-img rs-lazyload\" data-lazyload=\"\/\/www.josepbou.com\/wp-content\/plugins\/revslider\/sr6\/assets\/assets\/transparent.png\" data-bg=\"f:contain;\" data-no-retina>\n<!--\n\t\t\t\t\t\t\t--><rs-layer\n\t\t\t\t\t\t\t\tid=\"slider-2-slide-11-layer-17\" \n\t\t\t\t\t\t\t\tdata-type=\"image\"\n\t\t\t\t\t\t\t\tdata-rsp_ch=\"on\"\n\t\t\t\t\t\t\t\tdata-xy=\"x:c;y:m;\"\n\t\t\t\t\t\t\t\tdata-text=\"w:normal;s:20,23,17,10;l:0,28,21,12;\"\n\t\t\t\t\t\t\t\tdata-dim=\"w:886px,1023px,777px,479px;h:650px,751px,570px,351px;\"\n\t\t\t\t\t\t\t\tdata-frame_999=\"o:0;st:w;\"\n\t\t\t\t\t\t\t\tstyle=\"z-index:5;\"\n\t\t\t\t\t\t\t><img src=\"\/\/www.josepbou.com\/wp-content\/plugins\/revslider\/sr6\/assets\/assets\/dummy.png\" alt=\"\" class=\"tp-rs-img rs-lazyload\" width=\"886\" height=\"650\" data-lazyload=\"\/\/www.josepbou.com\/wp-content\/uploads\/2024\/10\/Foto-9.jpg\" data-no-retina> \n\t\t\t\t\t\t\t<\/rs-layer><!--\n-->\t\t\t\t\t<\/rs-slide>\n\t\t\t\t\t<\/rs-slides>\n\t\t\t\t<\/rs-module>\n\t\t\t\t<script>\n\t\t\t\t\tsetREVStartSize({c: 'rev_slider_2_1',rl:[1240,1024,778,480],el:[650,768,960,720],gw:[886,1024,778,480],gh:[650,768,960,720],type:'standard',justify:'',layout:'fullwidth',mh:\"0\"});if (window.RS_MODULES!==undefined && window.RS_MODULES.modules!==undefined && window.RS_MODULES.modules[\"revslider21\"]!==undefined) {window.RS_MODULES.modules[\"revslider21\"].once = false;window.revapi2 = undefined;if (window.RS_MODULES.checkMinimal!==undefined) window.RS_MODULES.checkMinimal()}\n\t\t\t\t<\/script>\n\t\t\t<\/rs-module-wrap>\n\t\t\t<!-- END REVOLUTION SLIDER -->\n[\/vc_column][\/vc_row][vc_row][vc_column][vc_column_text font_family=\u00bbVerdana, Geneva, sans-serif\u00bb]Durant uns dies, a la mateixa hora, vaig fotografiar les ombres que un ram de roses projectava a la paret de rajoles blanques il\u00b7luminada per la llum solar. Instants fuga\u00e7os com l\u2019ef\u00edmera flor, carregats de matisos, reflexos, distorsions \u00faniques i irrepetibles. Imatges fugisseres, imaginatives i evolutives.<\/p>\n<p>La reflexi\u00f3 sobre la temporalitat de l\u2019ombra projectada d\u2019una flor ef\u00edmera va conduir-me al concepte creatiu. I la narrativa fotogr\u00e0fica prengu\u00e9 vida a trav\u00e9s de les imatges capturades, sense concessions, en el m\u00e9s pur blanc i negre d\u2019una ombra, com a resum de tots els colors.<\/p>\n<p>En contraposici\u00f3 a la rapidesa en el moment de capturar les imatges, vaig decidir que la zona fosca, pl\u00e0cida i tranquil\u00b7la del meu laboratori seria un bon lloc per iniciar un viatge fotogr\u00e0fic creatiu on experimentar. El treball pausat, constant i reflexiu va conduir-me a triar com a suport dels vint-i-quatre originals de l\u2019exposici\u00f3, el paper de barbes de pH neutre fet a m\u00e0 pel Museu Mol\u00ed Paperer de Capellades tot emprant la mateixa t\u00e8cnica de fa 800 anys amb fibres naturals de cot\u00f3 i lli amb la Creu de Malta. Naturalment, l\u2019elecci\u00f3 del suport va portar-me a emulsionar-los amb gelatina de plata mate jo mateix. Les llargues hores passades al laboratori van desembocar en el domini d\u2019aquest t\u00e8cnica fotogr\u00e0fica i aix\u00f2 va oferir-me un ampli ventall de possibilitats en futurs projectes.<\/p>\n<p>Resum del text de l\u2019exposici\u00f3 \u201cRoses\u201d de Josep Bou. Inaugurada a l\u2019any 1999 a Espai Beethoven de Barcelona.[\/vc_column_text][\/vc_column][\/vc_row]\n<\/div>","protected":false},"excerpt":{"rendered":"<p>[vc_row][vc_column][\/vc_column][\/vc_row][vc_row][vc_column][vc_column_text font_family=\u00bbVerdana, Geneva, sans-serif\u00bb]Durant uns dies, a la mateixa hora, vaig fotografiar les ombres que un ram de roses projectava a la paret de rajoles blanques il\u00b7luminada per la llum solar. Instants fuga\u00e7os com l\u2019ef\u00edmera flor, carregats de matisos, reflexos, distorsions \u00faniques i irrepetibles. Imatges fugisseres, imaginatives i evolutives. La reflexi\u00f3 sobre la temporalitat de&hellip;<\/p>\n","protected":false},"author":1,"featured_media":0,"parent":0,"menu_order":0,"comment_status":"closed","ping_status":"closed","template":"","meta":{"footnotes":""},"class_list":["post-434","page","type-page","status-publish","hentry","entry","no-media"],"_links":{"self":[{"href":"https:\/\/www.josepbou.com\/index.php?rest_route=\/wp\/v2\/pages\/434","targetHints":{"allow":["GET"]}}],"collection":[{"href":"https:\/\/www.josepbou.com\/index.php?rest_route=\/wp\/v2\/pages"}],"about":[{"href":"https:\/\/www.josepbou.com\/index.php?rest_route=\/wp\/v2\/types\/page"}],"author":[{"embeddable":true,"href":"https:\/\/www.josepbou.com\/index.php?rest_route=\/wp\/v2\/users\/1"}],"replies":[{"embeddable":true,"href":"https:\/\/www.josepbou.com\/index.php?rest_route=%2Fwp%2Fv2%2Fcomments&post=434"}],"version-history":[{"count":3,"href":"https:\/\/www.josepbou.com\/index.php?rest_route=\/wp\/v2\/pages\/434\/revisions"}],"predecessor-version":[{"id":1401,"href":"https:\/\/www.josepbou.com\/index.php?rest_route=\/wp\/v2\/pages\/434\/revisions\/1401"}],"wp:attachment":[{"href":"https:\/\/www.josepbou.com\/index.php?rest_route=%2Fwp%2Fv2%2Fmedia&parent=434"}],"curies":[{"name":"wp","href":"https:\/\/api.w.org\/{rel}","templated":true}]}}