{"id":378,"date":"2024-05-29T15:52:06","date_gmt":"2024-05-29T13:52:06","guid":{"rendered":"http:\/\/www.josepbou.com\/?page_id=378"},"modified":"2024-06-26T15:16:59","modified_gmt":"2024-06-26T13:16:59","slug":"exposicio-10-terres-codificats","status":"publish","type":"page","link":"https:\/\/www.josepbou.com\/?page_id=378&lang=ca","title":{"rendered":"Exposici\u00f3 10. TERRES CODIFICATS"},"content":{"rendered":"<div class=\"wpb-content-wrapper\">[vc_row][vc_column]\n\t\t\t<!-- START Exposicion10 REVOLUTION SLIDER 6.7.4 --><p class=\"rs-p-wp-fix\"><\/p>\n\t\t\t<rs-module-wrap id=\"rev_slider_11_1_wrapper\" data-source=\"gallery\" style=\"visibility:hidden;background:transparent;padding:0;margin:0px auto;margin-top:0;margin-bottom:0;\">\n\t\t\t\t<rs-module id=\"rev_slider_11_1\" style=\"\" data-version=\"6.7.4\">\n\t\t\t\t\t<rs-slides style=\"overflow: hidden; position: absolute;\">\n\t\t\t\t\t\t<rs-slide style=\"position: absolute;\" data-key=\"rs-124\" data-title=\"Slide1\" data-in=\"o:0;\" data-out=\"a:false;\">\n\t\t\t\t\t\t\t<img src=\"\/\/www.josepbou.com\/wp-content\/plugins\/revslider\/sr6\/assets\/assets\/dummy.png\" alt=\"Slide1\" title=\"Exposici\u00f3 10. TERRES CODIFICATS\" class=\"rev-slidebg tp-rs-img rs-lazyload\" data-lazyload=\"\/\/www.josepbou.com\/wp-content\/plugins\/revslider\/sr6\/assets\/assets\/transparent.png\" data-no-retina>\n<!--\n\t\t\t\t\t\t\t--><rs-layer\n\t\t\t\t\t\t\t\tid=\"slider-11-slide-124-layer-1\" \n\t\t\t\t\t\t\t\tdata-type=\"image\"\n\t\t\t\t\t\t\t\tdata-rsp_ch=\"on\"\n\t\t\t\t\t\t\t\tdata-xy=\"x:c;y:m;\"\n\t\t\t\t\t\t\t\tdata-text=\"w:normal;s:20,23,17,10;l:0,28,21,12;\"\n\t\t\t\t\t\t\t\tdata-dim=\"w:886px,1023px,777px,479px;h:664px,767px,582px,359px;\"\n\t\t\t\t\t\t\t\tdata-frame_999=\"o:0;st:w;\"\n\t\t\t\t\t\t\t\tstyle=\"z-index:5;\"\n\t\t\t\t\t\t\t><img src=\"\/\/www.josepbou.com\/wp-content\/plugins\/revslider\/sr6\/assets\/assets\/dummy.png\" alt=\"\" class=\"tp-rs-img rs-lazyload\" width=\"886\" height=\"664\" data-lazyload=\"\/\/www.josepbou.com\/wp-content\/uploads\/2024\/09\/Web-Expo-Terres-codificats-01.jpg\" data-no-retina> \n\t\t\t\t\t\t\t<\/rs-layer><!--\n-->\t\t\t\t\t<\/rs-slide>\n\t\t\t\t\t\t<rs-slide style=\"position: absolute;\" data-key=\"rs-125\" data-title=\"Slide2\" data-in=\"o:0;\" data-out=\"a:false;\">\n\t\t\t\t\t\t\t<img src=\"\/\/www.josepbou.com\/wp-content\/plugins\/revslider\/sr6\/assets\/assets\/dummy.png\" alt=\"Slide2\" title=\"Exposici\u00f3 10. TERRES CODIFICATS\" class=\"rev-slidebg tp-rs-img rs-lazyload\" data-lazyload=\"\/\/www.josepbou.com\/wp-content\/plugins\/revslider\/sr6\/assets\/assets\/transparent.png\" data-no-retina>\n<!--\n\t\t\t\t\t\t\t--><rs-layer\n\t\t\t\t\t\t\t\tid=\"slider-11-slide-125-layer-2\" \n\t\t\t\t\t\t\t\tdata-type=\"image\"\n\t\t\t\t\t\t\t\tdata-rsp_ch=\"on\"\n\t\t\t\t\t\t\t\tdata-xy=\"x:c;y:m;\"\n\t\t\t\t\t\t\t\tdata-text=\"w:normal;s:20,23,17,10;l:0,28,21,12;\"\n\t\t\t\t\t\t\t\tdata-dim=\"w:886px,1023px,777px,479px;h:664px,767px,582px,359px;\"\n\t\t\t\t\t\t\t\tdata-frame_999=\"o:0;st:w;\"\n\t\t\t\t\t\t\t\tstyle=\"z-index:5;\"\n\t\t\t\t\t\t\t><img src=\"\/\/www.josepbou.com\/wp-content\/plugins\/revslider\/sr6\/assets\/assets\/dummy.png\" alt=\"\" class=\"tp-rs-img rs-lazyload\" width=\"886\" height=\"664\" data-lazyload=\"\/\/www.josepbou.com\/wp-content\/uploads\/2024\/09\/Web-Expo-Terres-codificats-02.jpg\" data-no-retina> \n\t\t\t\t\t\t\t<\/rs-layer><!--\n-->\t\t\t\t\t<\/rs-slide>\n\t\t\t\t\t\t<rs-slide style=\"position: absolute;\" data-key=\"rs-126\" data-title=\"Slide3\" data-in=\"o:0;\" data-out=\"a:false;\">\n\t\t\t\t\t\t\t<img src=\"\/\/www.josepbou.com\/wp-content\/plugins\/revslider\/sr6\/assets\/assets\/dummy.png\" alt=\"Slide3\" title=\"Exposici\u00f3 10. TERRES CODIFICATS\" class=\"rev-slidebg tp-rs-img rs-lazyload\" data-lazyload=\"\/\/www.josepbou.com\/wp-content\/plugins\/revslider\/sr6\/assets\/assets\/transparent.png\" data-no-retina>\n<!--\n\t\t\t\t\t\t\t--><rs-layer\n\t\t\t\t\t\t\t\tid=\"slider-11-slide-126-layer-3\" \n\t\t\t\t\t\t\t\tdata-type=\"image\"\n\t\t\t\t\t\t\t\tdata-rsp_ch=\"on\"\n\t\t\t\t\t\t\t\tdata-xy=\"x:c;y:m;\"\n\t\t\t\t\t\t\t\tdata-text=\"w:normal;s:20,23,17,10;l:0,28,21,12;\"\n\t\t\t\t\t\t\t\tdata-dim=\"w:886px,1023px,777px,479px;h:664px,767px,582px,359px;\"\n\t\t\t\t\t\t\t\tdata-frame_999=\"o:0;st:w;\"\n\t\t\t\t\t\t\t\tstyle=\"z-index:5;\"\n\t\t\t\t\t\t\t><img src=\"\/\/www.josepbou.com\/wp-content\/plugins\/revslider\/sr6\/assets\/assets\/dummy.png\" alt=\"\" class=\"tp-rs-img rs-lazyload\" width=\"886\" height=\"664\" data-lazyload=\"\/\/www.josepbou.com\/wp-content\/uploads\/2024\/09\/Web-Expo-Terres-codificats-03.jpg\" data-no-retina> \n\t\t\t\t\t\t\t<\/rs-layer><!--\n-->\t\t\t\t\t<\/rs-slide>\n\t\t\t\t\t\t<rs-slide style=\"position: absolute;\" data-key=\"rs-127\" data-title=\"Slide4\" data-in=\"o:0;\" data-out=\"a:false;\">\n\t\t\t\t\t\t\t<img src=\"\/\/www.josepbou.com\/wp-content\/plugins\/revslider\/sr6\/assets\/assets\/dummy.png\" alt=\"Slide4\" title=\"Exposici\u00f3 10. TERRES CODIFICATS\" class=\"rev-slidebg tp-rs-img rs-lazyload\" data-lazyload=\"\/\/www.josepbou.com\/wp-content\/plugins\/revslider\/sr6\/assets\/assets\/transparent.png\" data-no-retina>\n<!--\n\t\t\t\t\t\t\t--><rs-layer\n\t\t\t\t\t\t\t\tid=\"slider-11-slide-127-layer-4\" \n\t\t\t\t\t\t\t\tdata-type=\"image\"\n\t\t\t\t\t\t\t\tdata-rsp_ch=\"on\"\n\t\t\t\t\t\t\t\tdata-xy=\"x:c;y:m;\"\n\t\t\t\t\t\t\t\tdata-text=\"w:normal;s:20,23,17,10;l:0,28,21,12;\"\n\t\t\t\t\t\t\t\tdata-dim=\"w:886px,1023px,777px,479px;h:664px,767px,582px,359px;\"\n\t\t\t\t\t\t\t\tdata-frame_999=\"o:0;st:w;\"\n\t\t\t\t\t\t\t\tstyle=\"z-index:5;\"\n\t\t\t\t\t\t\t><img src=\"\/\/www.josepbou.com\/wp-content\/plugins\/revslider\/sr6\/assets\/assets\/dummy.png\" alt=\"\" class=\"tp-rs-img rs-lazyload\" width=\"886\" height=\"664\" data-lazyload=\"\/\/www.josepbou.com\/wp-content\/uploads\/2024\/09\/Web-Expo-Terres-codificats-04.jpg\" data-no-retina> \n\t\t\t\t\t\t\t<\/rs-layer><!--\n-->\t\t\t\t\t<\/rs-slide>\n\t\t\t\t\t\t<rs-slide style=\"position: absolute;\" data-key=\"rs-128\" data-title=\"Slide5\" data-in=\"o:0;\" data-out=\"a:false;\">\n\t\t\t\t\t\t\t<img src=\"\/\/www.josepbou.com\/wp-content\/plugins\/revslider\/sr6\/assets\/assets\/dummy.png\" alt=\"Slide5\" title=\"Exposici\u00f3 10. TERRES CODIFICATS\" class=\"rev-slidebg tp-rs-img rs-lazyload\" data-lazyload=\"\/\/www.josepbou.com\/wp-content\/plugins\/revslider\/sr6\/assets\/assets\/transparent.png\" data-no-retina>\n<!--\n\t\t\t\t\t\t\t--><rs-layer\n\t\t\t\t\t\t\t\tid=\"slider-11-slide-128-layer-5\" \n\t\t\t\t\t\t\t\tdata-type=\"image\"\n\t\t\t\t\t\t\t\tdata-rsp_ch=\"on\"\n\t\t\t\t\t\t\t\tdata-xy=\"x:c;y:m;\"\n\t\t\t\t\t\t\t\tdata-text=\"w:normal;s:20,23,17,10;l:0,28,21,12;\"\n\t\t\t\t\t\t\t\tdata-dim=\"w:886px,1023px,777px,479px;h:664px,767px,582px,359px;\"\n\t\t\t\t\t\t\t\tdata-frame_999=\"o:0;st:w;\"\n\t\t\t\t\t\t\t\tstyle=\"z-index:5;\"\n\t\t\t\t\t\t\t><img src=\"\/\/www.josepbou.com\/wp-content\/plugins\/revslider\/sr6\/assets\/assets\/dummy.png\" alt=\"\" class=\"tp-rs-img rs-lazyload\" width=\"886\" height=\"664\" data-lazyload=\"\/\/www.josepbou.com\/wp-content\/uploads\/2024\/09\/Web-Expo-Terres-codificats-05.jpg\" data-no-retina> \n\t\t\t\t\t\t\t<\/rs-layer><!--\n-->\t\t\t\t\t<\/rs-slide>\n\t\t\t\t\t\t<rs-slide style=\"position: absolute;\" data-key=\"rs-129\" data-title=\"Slide6\" data-in=\"o:0;\" data-out=\"a:false;\">\n\t\t\t\t\t\t\t<img src=\"\/\/www.josepbou.com\/wp-content\/plugins\/revslider\/sr6\/assets\/assets\/dummy.png\" alt=\"Slide6\" title=\"Exposici\u00f3 10. TERRES CODIFICATS\" class=\"rev-slidebg tp-rs-img rs-lazyload\" data-lazyload=\"\/\/www.josepbou.com\/wp-content\/plugins\/revslider\/sr6\/assets\/assets\/transparent.png\" data-no-retina>\n<!--\n\t\t\t\t\t\t\t--><rs-layer\n\t\t\t\t\t\t\t\tid=\"slider-11-slide-129-layer-13\" \n\t\t\t\t\t\t\t\tdata-type=\"image\"\n\t\t\t\t\t\t\t\tdata-rsp_ch=\"on\"\n\t\t\t\t\t\t\t\tdata-xy=\"x:c;y:m;\"\n\t\t\t\t\t\t\t\tdata-text=\"w:normal;s:20,23,17,10;l:0,28,21,12;\"\n\t\t\t\t\t\t\t\tdata-dim=\"w:886px,1023px,777px,479px;h:664px,767px,582px,359px;\"\n\t\t\t\t\t\t\t\tdata-frame_999=\"o:0;st:w;\"\n\t\t\t\t\t\t\t\tstyle=\"z-index:5;\"\n\t\t\t\t\t\t\t><img src=\"\/\/www.josepbou.com\/wp-content\/plugins\/revslider\/sr6\/assets\/assets\/dummy.png\" alt=\"\" class=\"tp-rs-img rs-lazyload\" width=\"886\" height=\"664\" data-lazyload=\"\/\/www.josepbou.com\/wp-content\/uploads\/2024\/10\/Foto-6-7.jpg\" data-no-retina> \n\t\t\t\t\t\t\t<\/rs-layer><!--\n-->\t\t\t\t\t<\/rs-slide>\n\t\t\t\t\t\t<rs-slide style=\"position: absolute;\" data-key=\"rs-130\" data-title=\"Slide7\" data-in=\"o:0;\" data-out=\"a:false;\">\n\t\t\t\t\t\t\t<img src=\"\/\/www.josepbou.com\/wp-content\/plugins\/revslider\/sr6\/assets\/assets\/dummy.png\" alt=\"Slide7\" title=\"Exposici\u00f3 10. TERRES CODIFICATS\" class=\"rev-slidebg tp-rs-img rs-lazyload\" data-lazyload=\"\/\/www.josepbou.com\/wp-content\/plugins\/revslider\/sr6\/assets\/assets\/transparent.png\" data-no-retina>\n<!--\n\t\t\t\t\t\t\t--><rs-layer\n\t\t\t\t\t\t\t\tid=\"slider-11-slide-130-layer-14\" \n\t\t\t\t\t\t\t\tdata-type=\"image\"\n\t\t\t\t\t\t\t\tdata-rsp_ch=\"on\"\n\t\t\t\t\t\t\t\tdata-xy=\"x:c;y:m;\"\n\t\t\t\t\t\t\t\tdata-text=\"w:normal;s:20,23,17,10;l:0,28,21,12;\"\n\t\t\t\t\t\t\t\tdata-dim=\"w:886px,1023px,777px,479px;h:664px,767px,582px,359px;\"\n\t\t\t\t\t\t\t\tdata-frame_999=\"o:0;st:w;\"\n\t\t\t\t\t\t\t\tstyle=\"z-index:5;\"\n\t\t\t\t\t\t\t><img src=\"\/\/www.josepbou.com\/wp-content\/plugins\/revslider\/sr6\/assets\/assets\/dummy.png\" alt=\"\" class=\"tp-rs-img rs-lazyload\" width=\"886\" height=\"664\" data-lazyload=\"\/\/www.josepbou.com\/wp-content\/uploads\/2024\/10\/Foto-7-6.jpg\" data-no-retina> \n\t\t\t\t\t\t\t<\/rs-layer><!--\n-->\t\t\t\t\t<\/rs-slide>\n\t\t\t\t\t\t<rs-slide style=\"position: absolute;\" data-key=\"rs-131\" data-title=\"Slide8\" data-in=\"o:0;\" data-out=\"a:false;\">\n\t\t\t\t\t\t\t<img src=\"\/\/www.josepbou.com\/wp-content\/plugins\/revslider\/sr6\/assets\/assets\/dummy.png\" alt=\"Slide8\" title=\"Exposici\u00f3 10. TERRES CODIFICATS\" class=\"rev-slidebg tp-rs-img rs-lazyload\" data-lazyload=\"\/\/www.josepbou.com\/wp-content\/plugins\/revslider\/sr6\/assets\/assets\/transparent.png\" data-no-retina>\n<!--\n\t\t\t\t\t\t\t--><rs-layer\n\t\t\t\t\t\t\t\tid=\"slider-11-slide-131-layer-15\" \n\t\t\t\t\t\t\t\tdata-type=\"image\"\n\t\t\t\t\t\t\t\tdata-rsp_ch=\"on\"\n\t\t\t\t\t\t\t\tdata-xy=\"x:c;y:m;\"\n\t\t\t\t\t\t\t\tdata-text=\"w:normal;s:20,23,17,10;l:0,28,21,12;\"\n\t\t\t\t\t\t\t\tdata-dim=\"w:886px,1023px,777px,479px;h:664px,767px,582px,359px;\"\n\t\t\t\t\t\t\t\tdata-frame_999=\"o:0;st:w;\"\n\t\t\t\t\t\t\t\tstyle=\"z-index:5;\"\n\t\t\t\t\t\t\t><img src=\"\/\/www.josepbou.com\/wp-content\/plugins\/revslider\/sr6\/assets\/assets\/dummy.png\" alt=\"\" class=\"tp-rs-img rs-lazyload\" width=\"886\" height=\"664\" data-lazyload=\"\/\/www.josepbou.com\/wp-content\/uploads\/2024\/10\/Foto-8-7.jpg\" data-no-retina> \n\t\t\t\t\t\t\t<\/rs-layer><!--\n-->\t\t\t\t\t<\/rs-slide>\n\t\t\t\t\t\t<rs-slide style=\"position: absolute;\" data-key=\"rs-132\" data-title=\"Slide9\" data-in=\"o:0;\" data-out=\"a:false;\">\n\t\t\t\t\t\t\t<img src=\"\/\/www.josepbou.com\/wp-content\/plugins\/revslider\/sr6\/assets\/assets\/dummy.png\" alt=\"Slide9\" title=\"Exposici\u00f3 10. TERRES CODIFICATS\" class=\"rev-slidebg tp-rs-img rs-lazyload\" data-lazyload=\"\/\/www.josepbou.com\/wp-content\/plugins\/revslider\/sr6\/assets\/assets\/transparent.png\" data-no-retina>\n<!--\n\t\t\t\t\t\t\t--><rs-layer\n\t\t\t\t\t\t\t\tid=\"slider-11-slide-132-layer-16\" \n\t\t\t\t\t\t\t\tdata-type=\"image\"\n\t\t\t\t\t\t\t\tdata-rsp_ch=\"on\"\n\t\t\t\t\t\t\t\tdata-xy=\"x:c;y:m;\"\n\t\t\t\t\t\t\t\tdata-text=\"w:normal;s:20,23,17,10;l:0,28,21,12;\"\n\t\t\t\t\t\t\t\tdata-dim=\"w:886px,1023px,777px,479px;h:664px,767px,582px,359px;\"\n\t\t\t\t\t\t\t\tdata-frame_999=\"o:0;st:w;\"\n\t\t\t\t\t\t\t\tstyle=\"z-index:5;\"\n\t\t\t\t\t\t\t><img src=\"\/\/www.josepbou.com\/wp-content\/plugins\/revslider\/sr6\/assets\/assets\/dummy.png\" alt=\"\" class=\"tp-rs-img rs-lazyload\" width=\"886\" height=\"664\" data-lazyload=\"\/\/www.josepbou.com\/wp-content\/uploads\/2024\/10\/Foto-9-5.jpg\" data-no-retina> \n\t\t\t\t\t\t\t<\/rs-layer><!--\n-->\t\t\t\t\t<\/rs-slide>\n\t\t\t\t\t\t<rs-slide style=\"position: absolute;\" data-key=\"rs-133\" data-title=\"Slide10\" data-in=\"o:0;\" data-out=\"a:false;\">\n\t\t\t\t\t\t\t<img src=\"\/\/www.josepbou.com\/wp-content\/plugins\/revslider\/sr6\/assets\/assets\/dummy.png\" alt=\"Slide10\" title=\"Exposici\u00f3 10. TERRES CODIFICATS\" class=\"rev-slidebg tp-rs-img rs-lazyload\" data-lazyload=\"\/\/www.josepbou.com\/wp-content\/plugins\/revslider\/sr6\/assets\/assets\/transparent.png\" data-no-retina>\n<!--\n\t\t\t\t\t\t\t--><rs-layer\n\t\t\t\t\t\t\t\tid=\"slider-11-slide-133-layer-17\" \n\t\t\t\t\t\t\t\tdata-type=\"image\"\n\t\t\t\t\t\t\t\tdata-rsp_ch=\"on\"\n\t\t\t\t\t\t\t\tdata-xy=\"x:c;y:m;\"\n\t\t\t\t\t\t\t\tdata-text=\"w:normal;s:20,23,17,10;l:0,28,21,12;\"\n\t\t\t\t\t\t\t\tdata-dim=\"w:886px,1023px,777px,479px;h:664px,767px,582px,359px;\"\n\t\t\t\t\t\t\t\tdata-frame_999=\"o:0;st:w;\"\n\t\t\t\t\t\t\t\tstyle=\"z-index:5;\"\n\t\t\t\t\t\t\t><img src=\"\/\/www.josepbou.com\/wp-content\/plugins\/revslider\/sr6\/assets\/assets\/dummy.png\" alt=\"\" class=\"tp-rs-img rs-lazyload\" width=\"886\" height=\"664\" data-lazyload=\"\/\/www.josepbou.com\/wp-content\/uploads\/2024\/10\/Foto-10-1.jpg\" data-no-retina> \n\t\t\t\t\t\t\t<\/rs-layer><!--\n-->\t\t\t\t\t<\/rs-slide>\n\t\t\t\t\t\t<rs-slide style=\"position: absolute;\" data-key=\"rs-883\" data-title=\"Slide0\" data-in=\"o:0;\" data-out=\"a:false;\">\n\t\t\t\t\t\t\t<img src=\"\/\/www.josepbou.com\/wp-content\/plugins\/revslider\/sr6\/assets\/assets\/dummy.png\" alt=\"Slide0\" title=\"Exposici\u00f3 10. TERRES CODIFICATS\" class=\"rev-slidebg tp-rs-img rs-lazyload\" data-lazyload=\"\/\/www.josepbou.com\/wp-content\/plugins\/revslider\/sr6\/assets\/assets\/transparent.png\" data-no-retina>\n<!--\n\t\t\t\t\t\t\t--><rs-layer\n\t\t\t\t\t\t\t\tid=\"slider-11-slide-883-layer-0\" \n\t\t\t\t\t\t\t\tclass=\"rs-layer-video intrinsic-ignore\"\n\t\t\t\t\t\t\t\tdata-type=\"video\"\n\t\t\t\t\t\t\t\tdata-rsp_ch=\"on\"\n\t\t\t\t\t\t\t\tdata-xy=\"x:c;y:m;\"\n\t\t\t\t\t\t\t\tdata-text=\"w:normal;s:20,23,17,10;l:0,28,21,12;\"\n\t\t\t\t\t\t\t\tdata-dim=\"w:882px,1019px,774px,477px;h:496px,573px,435px,268px;\"\n\t\t\t\t\t\t\t\tdata-video=\"twa:false;vd:100;l:false;ptimer:false;vc:t;\"\n\t\t\t\t\t\t\t\tdata-ytid=\"usjrsaSsPg4\"\n\t\t\t\t\t\t\t\tdata-vatr=\"version=3&amp;enablejsapi=1&amp;html5=1&amp;hd=1&amp;wmode=opaque&amp;showinfo=0&amp;rel=0&amp;origin=https:\/\/www.josepbou.com;\"\n\t\t\t\t\t\t\t\tdata-frame_999=\"o:0;st:w;\"\n\t\t\t\t\t\t\t\tstyle=\"z-index:5;\"\n\t\t\t\t\t\t\t>\n\t\t\t\t\t\t\t<\/rs-layer><!--\n-->\t\t\t\t\t<\/rs-slide>\n\t\t\t\t\t<\/rs-slides>\n\t\t\t\t<\/rs-module>\n\t\t\t\t<script>\n\t\t\t\t\tsetREVStartSize({c: 'rev_slider_11_1',rl:[1240,1024,778,480],el:[664,768,960,720],gw:[886,1024,778,480],gh:[664,768,960,720],type:'standard',justify:'',layout:'fullwidth',mh:\"0\"});if (window.RS_MODULES!==undefined && window.RS_MODULES.modules!==undefined && window.RS_MODULES.modules[\"revslider111\"]!==undefined) {window.RS_MODULES.modules[\"revslider111\"].once = false;window.revapi11 = undefined;if (window.RS_MODULES.checkMinimal!==undefined) window.RS_MODULES.checkMinimal()}\n\t\t\t\t<\/script>\n\t\t\t\t<script src=\"https:\/\/www.youtube.com\/iframe_api\"><\/script>\n\t\t\t<\/rs-module-wrap>\n\t\t\t<!-- END REVOLUTION SLIDER -->\n[\/vc_column][\/vc_row][vc_row][vc_column][vc_column_text font_family=\u00bbVerdana, Geneva, sans-serif\u00bb]Un codi \u00e9s el conjunt unitari, ordenat i sistematitzat de les normes. En la teoria de la comunicaci\u00f3 el codi \u00e9s el conjunt que pot ser ent\u00e8s per l\u2019emissor i el receptor. El codi que he utilitzat en aquest text, per exemple, \u00e9s la llengua catalana. La codificaci\u00f3 \u00e9s el m\u00e8tode que permet que un o la suma de diversos car\u00e0cters es transformi en un s\u00edmbol de representaci\u00f3 que ens condueix a un m\u00f3n menys lliure i, contradict\u00f2riament, m\u00e9s comunicatiu, ja que els alfabets i escriptures del m\u00f3n deixen de ser imprescindibles davant les noves normes de transmissi\u00f3 que tenen com a objectiu alienar-nos i induir-nos, ordenadament, en benefici d\u2019all\u00f2 com\u00fa en determinades conductes.<\/p>\n<p>Majorit\u00e0riament tot passa a les ciutats, els nuclis d\u2019ordre econ\u00f2mic ansiosos d\u2019acotar i capturar qualsevol espai lliure on els ciutadans puguin deambular. A fi de salvaguardar-nos de nosaltres mateixos, dia a dia, la voracitat del monstre devora i arriba a tots els racons de les nostres metr\u00f2polis i, mitjan\u00e7ant una p\u00e8ssima c\u00f2pia de Mondrian, codifica absolutament el terra i aquest terra que en els seus or\u00edgens fou el nostre terra passa a ser terra codificada.<\/p>\n<p>\u201cTerres codificats\u201d \u00e9s un homenatge a la nostra capacitat interpretativa d\u2019aquest univers de senyals canviants i de vegades juxtaposats, emeses en formes i colors diversos. Aquesta \u00e9s una mostra dels or\u00edgens on l\u2019habilitat per identificar els aut\u00e8ntics camins de l\u2019evoluci\u00f3 ens condu\u00efren a la transformaci\u00f3 de les societats primitives, ca\u00e7adores i recol\u00b7lectores en rurals i, posteriorment, urbanes estructurades en sistemes d\u2019identificaci\u00f3 dels espais globals per cadenes de car\u00e0cters i s\u00edmbols.<\/p>\n<p>Resum del text de l\u2019exposici\u00f3 \u201cTerres codificats\u201d de Josep Bou. Inaugurada a l\u2019any 2011 a la Galeria H2o de Barcelona.[\/vc_column_text][\/vc_column][\/vc_row]\n<\/div>","protected":false},"excerpt":{"rendered":"<p>[vc_row][vc_column][\/vc_column][\/vc_row][vc_row][vc_column][vc_column_text font_family=\u00bbVerdana, Geneva, sans-serif\u00bb]Un codi \u00e9s el conjunt unitari, ordenat i sistematitzat de les normes. En la teoria de la comunicaci\u00f3 el codi \u00e9s el conjunt que pot ser ent\u00e8s per l\u2019emissor i el receptor. El codi que he utilitzat en aquest text, per exemple, \u00e9s la llengua catalana. La codificaci\u00f3 \u00e9s el m\u00e8tode que&hellip;<\/p>\n","protected":false},"author":1,"featured_media":0,"parent":0,"menu_order":0,"comment_status":"closed","ping_status":"closed","template":"","meta":{"footnotes":""},"class_list":["post-378","page","type-page","status-publish","hentry","entry","no-media"],"_links":{"self":[{"href":"https:\/\/www.josepbou.com\/index.php?rest_route=\/wp\/v2\/pages\/378","targetHints":{"allow":["GET"]}}],"collection":[{"href":"https:\/\/www.josepbou.com\/index.php?rest_route=\/wp\/v2\/pages"}],"about":[{"href":"https:\/\/www.josepbou.com\/index.php?rest_route=\/wp\/v2\/types\/page"}],"author":[{"embeddable":true,"href":"https:\/\/www.josepbou.com\/index.php?rest_route=\/wp\/v2\/users\/1"}],"replies":[{"embeddable":true,"href":"https:\/\/www.josepbou.com\/index.php?rest_route=%2Fwp%2Fv2%2Fcomments&post=378"}],"version-history":[{"count":3,"href":"https:\/\/www.josepbou.com\/index.php?rest_route=\/wp\/v2\/pages\/378\/revisions"}],"predecessor-version":[{"id":1402,"href":"https:\/\/www.josepbou.com\/index.php?rest_route=\/wp\/v2\/pages\/378\/revisions\/1402"}],"wp:attachment":[{"href":"https:\/\/www.josepbou.com\/index.php?rest_route=%2Fwp%2Fv2%2Fmedia&parent=378"}],"curies":[{"name":"wp","href":"https:\/\/api.w.org\/{rel}","templated":true}]}}