{"id":2407,"date":"2026-04-20T13:10:17","date_gmt":"2026-04-20T11:10:17","guid":{"rendered":"https:\/\/www.josepbou.com\/?page_id=2407"},"modified":"2026-04-20T16:17:31","modified_gmt":"2026-04-20T14:17:31","slug":"libro-24-moda-i-publicitat-1980-2005","status":"publish","type":"page","link":"https:\/\/www.josepbou.com\/?page_id=2407","title":{"rendered":"LIBRO 24. JOSEP BOU. Moda i Publicitat 1980-2005"},"content":{"rendered":"<div class=\"wpb-content-wrapper\">[vc_row][vc_column][vc_single_image image=\u00bb2425&#8243; alignment=\u00bbcenter\u00bb onclick=\u00bbcustom_link\u00bb img_link_target=\u00bb_blank\u00bb link=\u00bbhttps:\/\/www.calameo.com\/read\/005898373a273099d38a0&#8243;][\/vc_column][\/vc_row][vc_row][vc_column][vc_column_text]A finales de los a\u00f1os setenta, Teresa y yo decidimos iniciar un proyecto de vida juntos donde la fotograf\u00eda estar\u00eda en el centro de ella, siempre y cuando nos complaciera plenamente. Tuvimos la libertad de tomar decisiones y de fijarnos objetivos. Nuestras capacidades se complementaban a la perfecci\u00f3n duplicando as\u00ed su efectividad y eso nos llev\u00f3 a lograr objetivos impensables en el momento que empezamos a recorrer camino. La experiencia nos ense\u00f1\u00f3 que en este mundo de la moda y la publicidad, cruel y despiadado como pocos, hay que saber cuando tienes que desaparecer y as\u00ed lo hicimos. Ni un segundo antes ni un segundo despu\u00e9s: <em>on time<\/em>.<\/p>\n<p>Una buena parte de nuestra vida la vivimos en el centro, pero hay momentos en los que fluctuamos hac\u00eda los extremos recorriendo ese espectro de matices y colores bien diferentes en funci\u00f3n del estado de \u00e1nimo, de la edad y las circunstancias. Aprendimos much\u00edsimas cosas alej\u00e1ndonos del camino principal y entrando en el bosque, ya que la curiosidad, con frecuencia, conduce a terrenos inexplorados y estos desempe\u00f1an un papel amplio en la construcci\u00f3n de la historia, tal y como lo har\u00eda el inconsciente.<\/p>\n<p>Es bien cierto que con la moda y la publicidad me he ganado la vida y hacerlo ha sido un inmenso placer. Despu\u00e9s existe el placer m\u00e1s profundo de hacer mis proyectos personales. Como tambi\u00e9n es bien cierto que nada hubiera sido posible sin Teresa.<\/p>\n<p>Resumen del texto de presentaci\u00f3n \u201cJOSEP BOU. Moda i publicitat 1980-2005\u201d de Josep Bou, editado en 2026.[\/vc_column_text][\/vc_column][\/vc_row]\n<\/div>","protected":false},"excerpt":{"rendered":"<p>[vc_row][vc_column][vc_single_image image=\u00bb2425&#8243; alignment=\u00bbcenter\u00bb onclick=\u00bbcustom_link\u00bb img_link_target=\u00bb_blank\u00bb link=\u00bbhttps:\/\/www.calameo.com\/read\/005898373a273099d38a0&#8243;][\/vc_column][\/vc_row][vc_row][vc_column][vc_column_text]A finales de los a\u00f1os setenta, Teresa y yo decidimos iniciar un proyecto de vida juntos donde la fotograf\u00eda estar\u00eda en el centro de ella, siempre y cuando nos complaciera plenamente. Tuvimos la libertad de tomar decisiones y de fijarnos objetivos. Nuestras capacidades se complementaban a la perfecci\u00f3n duplicando as\u00ed&hellip;<\/p>\n","protected":false},"author":1,"featured_media":0,"parent":0,"menu_order":0,"comment_status":"closed","ping_status":"closed","template":"","meta":{"footnotes":""},"class_list":["post-2407","page","type-page","status-publish","hentry","entry","no-media"],"_links":{"self":[{"href":"https:\/\/www.josepbou.com\/index.php?rest_route=\/wp\/v2\/pages\/2407","targetHints":{"allow":["GET"]}}],"collection":[{"href":"https:\/\/www.josepbou.com\/index.php?rest_route=\/wp\/v2\/pages"}],"about":[{"href":"https:\/\/www.josepbou.com\/index.php?rest_route=\/wp\/v2\/types\/page"}],"author":[{"embeddable":true,"href":"https:\/\/www.josepbou.com\/index.php?rest_route=\/wp\/v2\/users\/1"}],"replies":[{"embeddable":true,"href":"https:\/\/www.josepbou.com\/index.php?rest_route=%2Fwp%2Fv2%2Fcomments&post=2407"}],"version-history":[{"count":6,"href":"https:\/\/www.josepbou.com\/index.php?rest_route=\/wp\/v2\/pages\/2407\/revisions"}],"predecessor-version":[{"id":2426,"href":"https:\/\/www.josepbou.com\/index.php?rest_route=\/wp\/v2\/pages\/2407\/revisions\/2426"}],"wp:attachment":[{"href":"https:\/\/www.josepbou.com\/index.php?rest_route=%2Fwp%2Fv2%2Fmedia&parent=2407"}],"curies":[{"name":"wp","href":"https:\/\/api.w.org\/{rel}","templated":true}]}}