{"id":1461,"date":"2024-07-01T12:43:09","date_gmt":"2024-07-01T10:43:09","guid":{"rendered":"http:\/\/www.josepbou.com\/?page_id=1461"},"modified":"2024-07-01T14:02:38","modified_gmt":"2024-07-01T12:02:38","slug":"politica-de-cookies","status":"publish","type":"page","link":"https:\/\/www.josepbou.com\/?page_id=1461","title":{"rendered":"Pol\u00edtica de Cookies"},"content":{"rendered":"<div class=\"wpb-content-wrapper\">[vc_row][vc_column][vc_column_text font_family=\u00bbVerdana, Geneva, sans-serif\u00bb]<b>\u00bfQu\u00e9 es una cookie?<\/b><\/p>\n<p>Una cookie es un fichero que se descarga en tu ordenador o terminal al acceder a nuestra p\u00e1gina web. Las cookies nos permiten, entre otras cosas, almacenar y recuperar informaci\u00f3n sobre los h\u00e1bitos de navegaci\u00f3n de un usuario o de su equipo y, dependiendo de la informaci\u00f3n que contengan y de la forma en que utilice su equipo, pueden utilizarse para reconocer al usuario.<\/p>\n<p>&nbsp;<\/p>\n<p><b>\u00bfQu\u00e9 tipos de cookies existen?<\/b><\/p>\n<p>Las cookies pueden ser propias o de terceros. Las propias son aquellas que se env\u00edan al equipo terminal del usuario desde un equipo o dominio gestionado por el propio editor de la web desde el que se presta el servicio solicitado por el usuario. Las cookies de terceros son aquellas que se env\u00edan al equipo terminal del usuario desde un equipo o dominio que no es gestionado por el editor, sino por otra entidad que trata los datos obtenidos trav\u00e9s de las cookies.<\/p>\n<p>Adem\u00e1s, las cookies pueden ser de sesi\u00f3n o persistentes. Las primeras son un tipo de cookies dise\u00f1adas para recabar y almacenar datos mientras el usuario accede a una p\u00e1gina web. Las persistentes son un tipo de cookies que hace que los datos sigan almacenados en el terminal y puedan ser accedidos y tratados durante un periodo definido por el responsable de la cookie, que puede ir de unos minutos a varios a\u00f1os.<\/p>\n<p>La web de Josep Bou utiliza varios tipos de cookies:<\/p>\n<ul>\n<li aria-level=\"1\"><b>Cookies necesarias:<\/b><\/li>\n<\/ul>\n<p>Estas cookies son esenciales para la prestaci\u00f3n de los servicios solicitados por el usuario, por ejemplo, para realizar la autenticaci\u00f3n y tener acceso a tu cuenta. Estas cookies son necesarias para el funcionamiento del Sitio Web y, como tales, no necesitan el consentimiento previo del usuario. Si desactivas estas cookies, cambiando la configuraci\u00f3n del navegador, no podremos garantizar el correcto funcionamiento y rendimiento del sitio web durante tu visita.<\/p>\n<ul>\n<li aria-level=\"1\"><b>Cookies estad\u00edsticas:<\/b><\/li>\n<\/ul>\n<p>Estas cookies, colocadas con tu consentimiento previo, que puedes retirar en cualquier momento, se utilizan para llevar a cabo ciertas evaluaciones con respecto a tu navegaci\u00f3n por el sitio web con el fin de mejorar el rendimiento del sitio web y su dise\u00f1o, para evaluar la efectividad de una publicidad y monitorear desde qu\u00e9 origen se ha dirigido un usuario a nuestro sitio web y as\u00ed decidir si vale la pena invertir en esa fuente de tr\u00e1fico espec\u00edfica. Si no aceptas estas cookies, no podremos evaluar la efectividad de nuestras campa\u00f1as, y de las prestaciones y el dise\u00f1o del sitio web, con referencia a la actividad de navegaci\u00f3n espec\u00edfica del usuario. Adem\u00e1s, si aceptas la instalaci\u00f3n de dichas cookies, podr\u00edamos interconectar los datos recogidos mediante otras cookies con otros datos relativos al mismo usuario y, en particular, con los datos identificativos suministrados por el mismo usuario al cumplimentar los formularios que est\u00e1n disponibles en el Sitio Web. En tal caso, procesaremos los datos del usuario, incluidos los datos de navegaci\u00f3n que se hayan recopilado mediante cookies de an\u00e1lisis de perfiles, para los fines y en las formas descritas en nuestra\u00a0<a href=\"https:\/\/www.sdelsol.com\/politica-de-privacidad\/\">Pol\u00edtica de Privacidad<\/a>.<\/p>\n<ul>\n<li aria-level=\"1\"><b>Cookies de marketing:<\/b><\/li>\n<\/ul>\n<p>Estas cookies, colocadas con tu consentimiento previo, que puedes retirar en cualquier momento, se utilizan para mostrar anuncios personalizados relevantes en funci\u00f3n de los intereses de los usuarios, tal como pueden deducirse de su actividad de navegaci\u00f3n (por ejemplo, en qu\u00e9 banners hace clic, qu\u00e9 subp\u00e1ginas que visita, qu\u00e9 informaci\u00f3n busca). Estas cookies podr\u00edan ser colocadas por nuestros socios publicitarios a trav\u00e9s del sitio web. Estas cookies tambi\u00e9n sirven para limitar la cantidad de veces que se muestra un anuncio y ayudar a evaluar la efectividad de una campa\u00f1a publicitaria. Adem\u00e1s, podr\u00edan recordar si un dispositivo ha visitado el sitio web y compartir esta informaci\u00f3n con empresas de publicidad. Si no das tu consentimiento para el uso de estas cookies, los anuncios que se te muestren ser\u00e1n menos relevantes para tus intereses.<\/p>\n<p>&nbsp;<\/p>\n<p><b>\u00bfCu\u00e1les son las cookies que utiliza esta web y para qu\u00e9 se utilizan?<\/b><\/p>\n<p>Configuraci\u00f3n de cookies. Utilizamos cookies propias y de terceros para diferenciar tu experiencia de las de otros usuarios, con fines anal\u00edticos y para mostrarte publicidad personalizada en base a un perfil elaborado a partir de tus h\u00e1bitos de navegaci\u00f3n) por ejemplo, p\u00e1ginas visitadas). Clica\u00a0<a href=\"https:\/\/globalbcn.com\/politica-de-cookies\/\">AQU\u00cd<\/a>\u00a0para m\u00e1s informaci\u00f3n. Puedes aceptar todas las cookies pulsando el bot\u00f3n \u00abAceptar\u00bb o configurarlas o rechazar su uso pulsando el bot\u00f3n \u00abConfigurar Cookies\u00bb<\/p>\n<p>Cuando visitas cualquier sitio web, puede almacenarse o recuperar informaci\u00f3n en tu navegador, principalmente en forma de cookies. Esta informaci\u00f3n puede estar relaciona contigo, tus preferencias o tus dispositivos, pero principalmente para que el sitio web funcione debe ser. Es importante que sepa, que esta informaci\u00f3n generalmente, no te identifica personalmente, pero puede ayudar a proporcionar una experiencia web m\u00e1s personaliza a tus preferencias. Para nosotros es muy importante tu privacidad y nos preocupamos por ella, por ello puedes optar por no aceptar cierto tipo de cookies. Podr\u00e1s en todo momento aceptar o rechazar todas las cookies instaladas por Software del Sol, S.A. o terceras partes, y configurarlas a medida a trav\u00e9s del panel de ajuste de cookies proporcionado por nuestra p\u00e1gina web, sin que ello perjudique la posibilidad del Usuario de acceder a los Contenidos.<\/p>\n<p>&nbsp;<\/p>\n<p><b>\u00bfC\u00f3mo puedo gestionar las cookies?<\/b><\/p>\n<p>Puedes permitir, bloquear o eliminar las cookies instaladas en tu equipo mediante la configuraci\u00f3n de las opciones de tu navegador. Puedes encontrar informaci\u00f3n sobre c\u00f3mo hacerlo, en relaci\u00f3n con los navegadores m\u00e1s comunes, en los siguientes enlaces:<\/p>\n<ul>\n<li aria-level=\"1\"><a href=\"https:\/\/windows.microsoft.com\/es-es\/internet-explorer\/delete-manage-cookies\">Informaci\u00f3n para Internet Explorer<\/a><\/li>\n<li aria-level=\"1\"><a href=\"https:\/\/support.google.com\/chrome\/answer\/95647?hl=es\">Informaci\u00f3n para Google Chrome<\/a><\/li>\n<li aria-level=\"1\"><a href=\"https:\/\/support.mozilla.org\/es\/kb\/habilitar-y-deshabilitar-cookies-que-los-sitios-we\">Informaci\u00f3n para Firefox<\/a><\/li>\n<li aria-level=\"1\"><a href=\"https:\/\/support.apple.com\/kb\/PH17191?viewlocale=es_ES&amp;locale=en_US\">Informaci\u00f3n para Safari<\/a><\/li>\n<li aria-level=\"1\"><a href=\"https:\/\/help.opera.com\/Windows\/10.60\/es-ES\/cookies.html\">Informaci\u00f3n para Opera<\/a><\/li>\n<\/ul>\n<p>&nbsp;<\/p>\n<p><b>\u00bfQu\u00e9 ocurre si se deshabilitan las Cookies?<\/b><\/p>\n<p>Algunas funcionalidades de los Servicios podr\u00e1n quedar deshabilitadas.<\/p>\n<p>&nbsp;<\/p>\n<p><b>INFORMACI\u00d3N RELACIONADA CON EL TRATAMIENTO DE DATOS PERSONALES (ART.13 RGPD)<\/b><\/p>\n<p><b>\u00bfQui\u00e9n es el responsable del tratamiento de sus datos personales?<\/b><\/p>\n<p>Global Inform\u00e1tica S.L., es el responsable del tratamiento de los datos personales que nos proporcionas., sociedad de nacionalidad espa\u00f1ola, con NIF B-61884557, domicilio en C\/ Taqu\u00edgrafo Garriga, 175, 08029, Barcelona e inscrita en el Registro Mercantil de Barcelona. Folio 160, Tomo 32433, Hoja B-210606, Inscripci\u00f3n 1\u00aa. Puedes ponerte en contacto con nosotros en el tel\u00e9fono 933 631 319 o por correo electr\u00f3nico escribiendo a\u00a0<a href=\"mailto:josepbou@josepbou.com\">josepbou@josepbou.com<\/a>.<\/p>\n<p><b>\u00bfPara qu\u00e9 utilizamos sus datos personales?<\/b><\/p>\n<p>Para gestionar y atender adecuadamente la petici\u00f3n, consulta, comentario o solicitud planteada por ti a trav\u00e9s de las diferentes v\u00edas de contacto que tenemos establecidas en esta web.<\/p>\n<p><b>\u00bfCu\u00e1l es la base legal para el tratamiento de sus datos personales?<\/b><\/p>\n<p>La legitimaci\u00f3n para el tratamiento de sus datos personales viene dada por tu consentimiento, otorgado en el momento de ponerte en contacto con nosotros.<\/p>\n<p><b>\u00bfA qui\u00e9n comunicamos sus datos?<\/b><\/p>\n<p>No se ceder\u00e1n datos a terceros, a menos que as\u00ed lo exija la legislaci\u00f3n aplicable.<\/p>\n<p><b>\u00bfCu\u00e1l es el plazo de conservaci\u00f3n de sus datos?<\/b><\/p>\n<p>A los efectos de garantizar los derechos que asisten al usuario en materia de protecci\u00f3n de datos personales o en su condici\u00f3n de consumidor, la sociedad conservar\u00e1 sus datos durante un plazo m\u00e1ximo de dos a\u00f1os, procediendo a su eliminaci\u00f3n transcurrido dicho plazo.<\/p>\n<p><b>\u00bfCu\u00e1les son sus derechos?<\/b><\/p>\n<p>En relaci\u00f3n con tus datos, usted tiene siempre el derecho de solicitarnos el acceso, rectificaci\u00f3n, supresi\u00f3n y\u00a0portabilidad de los mismos,\u00a0as\u00ed como a retirar su consentimiento (sin que ello afecte a la licitud del tratamiento basado en el consentimiento previo a la retirada), oponerse a su tratamiento o\u00a0limitarlo (en determinadas circunstancias) y a\u00a0presentar una reclamaci\u00f3n ante una autoridad de control.[\/vc_column_text][\/vc_column][\/vc_row]\n<\/div>","protected":false},"excerpt":{"rendered":"<p>[vc_row][vc_column][vc_column_text font_family=\u00bbVerdana, Geneva, sans-serif\u00bb]\u00bfQu\u00e9 es una cookie? Una cookie es un fichero que se descarga en tu ordenador o terminal al acceder a nuestra p\u00e1gina web. Las cookies nos permiten, entre otras cosas, almacenar y recuperar informaci\u00f3n sobre los h\u00e1bitos de navegaci\u00f3n de un usuario o de su equipo y, dependiendo de la informaci\u00f3n que&hellip;<\/p>\n","protected":false},"author":1,"featured_media":0,"parent":0,"menu_order":0,"comment_status":"closed","ping_status":"closed","template":"","meta":{"footnotes":""},"class_list":["post-1461","page","type-page","status-publish","hentry","entry","no-media"],"_links":{"self":[{"href":"https:\/\/www.josepbou.com\/index.php?rest_route=\/wp\/v2\/pages\/1461","targetHints":{"allow":["GET"]}}],"collection":[{"href":"https:\/\/www.josepbou.com\/index.php?rest_route=\/wp\/v2\/pages"}],"about":[{"href":"https:\/\/www.josepbou.com\/index.php?rest_route=\/wp\/v2\/types\/page"}],"author":[{"embeddable":true,"href":"https:\/\/www.josepbou.com\/index.php?rest_route=\/wp\/v2\/users\/1"}],"replies":[{"embeddable":true,"href":"https:\/\/www.josepbou.com\/index.php?rest_route=%2Fwp%2Fv2%2Fcomments&post=1461"}],"version-history":[{"count":3,"href":"https:\/\/www.josepbou.com\/index.php?rest_route=\/wp\/v2\/pages\/1461\/revisions"}],"predecessor-version":[{"id":1482,"href":"https:\/\/www.josepbou.com\/index.php?rest_route=\/wp\/v2\/pages\/1461\/revisions\/1482"}],"wp:attachment":[{"href":"https:\/\/www.josepbou.com\/index.php?rest_route=%2Fwp%2Fv2%2Fmedia&parent=1461"}],"curies":[{"name":"wp","href":"https:\/\/api.w.org\/{rel}","templated":true}]}}