{"id":1459,"date":"2024-07-01T12:42:36","date_gmt":"2024-07-01T10:42:36","guid":{"rendered":"http:\/\/www.josepbou.com\/?page_id=1459"},"modified":"2024-07-01T12:48:24","modified_gmt":"2024-07-01T10:48:24","slug":"aviso-legal","status":"publish","type":"page","link":"https:\/\/www.josepbou.com\/?page_id=1459","title":{"rendered":"Aviso Legal"},"content":{"rendered":"<div class=\"wpb-content-wrapper\">[vc_row][vc_column][vc_column_text font_family=\u00bbVerdana, Geneva, sans-serif\u00bb]<strong>Pol\u00edtica de Privacidad<\/strong><\/p>\n<p>De conformidad con el Reglamento Europeo de Privacidad 679\/2016 te informamos que los datos pasar\u00e1n a formar parte de un fichero responsabilidad de Josep Bou con la finalidad de gestionar la relaci\u00f3n. Tus datos ser\u00e1n conservador mientras se gestiona la relaci\u00f3n o durante el plazo de responsabilidad. Tienes derecho de acceso, limitaci\u00f3n, portabilidad, reclamaci\u00f3n a la Autoridad Espa\u00f1ola de Protecci\u00f3n de Datos, supresi\u00f3n u olvida, rectificaci\u00f3n, cancelaci\u00f3n y oposici\u00f3n al tratamiento de datos mediante el e-mail <a href=\"mailto:josepbou@josepbou.com\">josepbou@josepbou.com<\/a><\/p>\n<p><strong>Aviso legal<br \/>\n<\/strong><\/p>\n<p><em>Condiciones de Uso del portal<\/em><\/p>\n<p>Mediante esta p\u00e1gina web se facilito el acceso al portal web de Global Inform\u00e1tica.<\/p>\n<p>El hecho de conectarse a esta p\u00e1gina web implica la aceptaci\u00f3n del presente Aviso Legal.<\/p>\n<p>&nbsp;<\/p>\n<p><em>Propiedad Intelectual<\/em><\/p>\n<p>Todos los contenidos del Portal, entendiendo por estos a t\u00edtulo meramente enunciativo los textos, fotograf\u00edas, gr\u00e1ficos, im\u00e1genes, iconos, tecnolog\u00eda, software, links y dem\u00e1s contenidos, as\u00ed como su dise\u00f1o gr\u00e1fico y c\u00f3digos fuente son propiedad intelectual de Josep Bou, sin que puedan entenderse cedidos al Usuario ninguno de los derechos de explotaci\u00f3n sobre los mismos m\u00e1s all\u00e1 de lo estrictamente necesario para el correcto uso del Portal.<\/p>\n<p>&nbsp;<\/p>\n<p><em>Identificaci\u00f3n de la empresa. Datos registrales.<\/em><\/p>\n<p>En cumplimiento de lo dispuesto en el art\u00edculo de la Ley de la Sociedad de la Informaci\u00f3n y Comercio electr\u00f3nico le informamos de los siguientes aspectos:<\/p>\n<p>Josep Bou&#8230;<\/p>\n<p>Correo electr\u00f3nico:\u00a0<a href=\"mailto:josepbou@josepbou.com\">josepbou@josepbou.com<\/a><\/p>\n<p><em>Exclusi\u00f3n de responsabilidad<\/em><\/p>\n<p>Respecto los links o hiperenlaces declinamos toda responsabilidad por aquellos que remita a nuestra p\u00e1gina web y en el caso de aquellos que aparezcan en nuestra p\u00e1gina la conexi\u00f3n lo har\u00e1n a t\u00edtulo inform\u00e1tica.<\/p>\n<p>&nbsp;<\/p>\n<p><em>Ley aplicable y jurisdicci\u00f3n<\/em><\/p>\n<p>Para cualquier controversia con el presente aviso legal las partes aceptan el sometimiento expreso a los juzgados competentes del domicilio social de esta entidad.[\/vc_column_text][\/vc_column][\/vc_row]\n<\/div>","protected":false},"excerpt":{"rendered":"<p>[vc_row][vc_column][vc_column_text font_family=\u00bbVerdana, Geneva, sans-serif\u00bb]Pol\u00edtica de Privacidad De conformidad con el Reglamento Europeo de Privacidad 679\/2016 te informamos que los datos pasar\u00e1n a formar parte de un fichero responsabilidad de Josep Bou con la finalidad de gestionar la relaci\u00f3n. Tus datos ser\u00e1n conservador mientras se gestiona la relaci\u00f3n o durante el plazo de responsabilidad. Tienes derecho&hellip;<\/p>\n","protected":false},"author":1,"featured_media":0,"parent":0,"menu_order":0,"comment_status":"closed","ping_status":"closed","template":"","meta":{"footnotes":""},"class_list":["post-1459","page","type-page","status-publish","hentry","entry","no-media"],"_links":{"self":[{"href":"https:\/\/www.josepbou.com\/index.php?rest_route=\/wp\/v2\/pages\/1459","targetHints":{"allow":["GET"]}}],"collection":[{"href":"https:\/\/www.josepbou.com\/index.php?rest_route=\/wp\/v2\/pages"}],"about":[{"href":"https:\/\/www.josepbou.com\/index.php?rest_route=\/wp\/v2\/types\/page"}],"author":[{"embeddable":true,"href":"https:\/\/www.josepbou.com\/index.php?rest_route=\/wp\/v2\/users\/1"}],"replies":[{"embeddable":true,"href":"https:\/\/www.josepbou.com\/index.php?rest_route=%2Fwp%2Fv2%2Fcomments&post=1459"}],"version-history":[{"count":2,"href":"https:\/\/www.josepbou.com\/index.php?rest_route=\/wp\/v2\/pages\/1459\/revisions"}],"predecessor-version":[{"id":1463,"href":"https:\/\/www.josepbou.com\/index.php?rest_route=\/wp\/v2\/pages\/1459\/revisions\/1463"}],"wp:attachment":[{"href":"https:\/\/www.josepbou.com\/index.php?rest_route=%2Fwp%2Fv2%2Fmedia&parent=1459"}],"curies":[{"name":"wp","href":"https:\/\/api.w.org\/{rel}","templated":true}]}}