{"id":1189,"date":"2024-06-11T19:57:37","date_gmt":"2024-06-11T17:57:37","guid":{"rendered":"http:\/\/www.josepbou.com\/?page_id=1189"},"modified":"2024-09-26T08:34:59","modified_gmt":"2024-09-26T06:34:59","slug":"llibre-16-foto-forum-2010","status":"publish","type":"page","link":"https:\/\/www.josepbou.com\/?page_id=1189&lang=ca","title":{"rendered":"LLIBRE 16. FOTO F\u00d2RUM 2010 &#8211; Un espai de di\u00e0leg entre la imatge i la paraula"},"content":{"rendered":"<div class=\"wpb-content-wrapper\">[vc_row][vc_column]\n\t\t\t<!-- START Libro16 REVOLUTION SLIDER 6.7.4 --><p class=\"rs-p-wp-fix\"><\/p>\n\t\t\t<rs-module-wrap id=\"rev_slider_65_1_wrapper\" data-source=\"gallery\" style=\"visibility:hidden;background:transparent;padding:0;margin:0px auto;margin-top:0;margin-bottom:0;\">\n\t\t\t\t<rs-module id=\"rev_slider_65_1\" style=\"\" data-version=\"6.7.4\">\n\t\t\t\t\t<rs-slides style=\"overflow: hidden; position: absolute;\">\n\t\t\t\t\t\t<rs-slide style=\"position: absolute;\" data-key=\"rs-706\" data-title=\"Slide1\" data-in=\"o:0;\" data-out=\"a:false;\">\n\t\t\t\t\t\t\t<img src=\"\/\/www.josepbou.com\/wp-content\/plugins\/revslider\/sr6\/assets\/assets\/dummy.png\" alt=\"Slide1\" title=\"LLIBRE 16. FOTO F\u00d2RUM 2010 &#8211; Un espai de di\u00e0leg entre la imatge i la paraula\" class=\"rev-slidebg tp-rs-img rs-lazyload\" data-lazyload=\"\/\/www.josepbou.com\/wp-content\/plugins\/revslider\/sr6\/assets\/assets\/transparent.png\" data-no-retina>\n<!--\n\t\t\t\t\t\t\t--><rs-layer\n\t\t\t\t\t\t\t\tid=\"slider-65-slide-706-layer-0\" \n\t\t\t\t\t\t\t\tdata-type=\"image\"\n\t\t\t\t\t\t\t\tdata-rsp_ch=\"on\"\n\t\t\t\t\t\t\t\tdata-xy=\"x:c;y:m;\"\n\t\t\t\t\t\t\t\tdata-text=\"w:normal;s:20,23,17,10;l:0,28,21,12;\"\n\t\t\t\t\t\t\t\tdata-dim=\"w:886px,1023px,777px,479px;h:591px,683px,518px,319px;\"\n\t\t\t\t\t\t\t\tdata-frame_999=\"o:0;st:w;\"\n\t\t\t\t\t\t\t\tstyle=\"z-index:5;\"\n\t\t\t\t\t\t\t><img src=\"\/\/www.josepbou.com\/wp-content\/plugins\/revslider\/sr6\/assets\/assets\/dummy.png\" alt=\"\" class=\"tp-rs-img rs-lazyload\" width=\"886\" height=\"591\" data-lazyload=\"\/\/www.josepbou.com\/wp-content\/uploads\/2024\/09\/Web-Llibre-Foto-Forum-01.jpg\" data-no-retina> \n\t\t\t\t\t\t\t<\/rs-layer><!--\n-->\t\t\t\t\t<\/rs-slide>\n\t\t\t\t\t\t<rs-slide style=\"position: absolute;\" data-key=\"rs-707\" data-title=\"Slide2\" data-in=\"o:0;\" data-out=\"a:false;\">\n\t\t\t\t\t\t\t<img src=\"\/\/www.josepbou.com\/wp-content\/plugins\/revslider\/sr6\/assets\/assets\/dummy.png\" alt=\"Slide2\" title=\"LLIBRE 16. FOTO F\u00d2RUM 2010 &#8211; Un espai de di\u00e0leg entre la imatge i la paraula\" class=\"rev-slidebg tp-rs-img rs-lazyload\" data-lazyload=\"\/\/www.josepbou.com\/wp-content\/plugins\/revslider\/sr6\/assets\/assets\/transparent.png\" data-no-retina>\n<!--\n\t\t\t\t\t\t\t--><rs-layer\n\t\t\t\t\t\t\t\tid=\"slider-65-slide-707-layer-1\" \n\t\t\t\t\t\t\t\tdata-type=\"image\"\n\t\t\t\t\t\t\t\tdata-rsp_ch=\"on\"\n\t\t\t\t\t\t\t\tdata-xy=\"x:c;y:m;\"\n\t\t\t\t\t\t\t\tdata-text=\"w:normal;s:20,23,17,10;l:0,28,21,12;\"\n\t\t\t\t\t\t\t\tdata-dim=\"w:886px,1023px,777px,479px;h:591px,683px,518px,319px;\"\n\t\t\t\t\t\t\t\tdata-frame_999=\"o:0;st:w;\"\n\t\t\t\t\t\t\t\tstyle=\"z-index:5;\"\n\t\t\t\t\t\t\t><img src=\"\/\/www.josepbou.com\/wp-content\/plugins\/revslider\/sr6\/assets\/assets\/dummy.png\" alt=\"\" class=\"tp-rs-img rs-lazyload\" width=\"886\" height=\"591\" data-lazyload=\"\/\/www.josepbou.com\/wp-content\/uploads\/2024\/09\/Web-Llibre-Foto-Forum-02.jpg\" data-no-retina> \n\t\t\t\t\t\t\t<\/rs-layer><!--\n-->\t\t\t\t\t<\/rs-slide>\n\t\t\t\t\t\t<rs-slide style=\"position: absolute;\" data-key=\"rs-708\" data-title=\"Slide3\" data-in=\"o:0;\" data-out=\"a:false;\">\n\t\t\t\t\t\t\t<img src=\"\/\/www.josepbou.com\/wp-content\/plugins\/revslider\/sr6\/assets\/assets\/dummy.png\" alt=\"Slide3\" title=\"LLIBRE 16. FOTO F\u00d2RUM 2010 &#8211; Un espai de di\u00e0leg entre la imatge i la paraula\" class=\"rev-slidebg tp-rs-img rs-lazyload\" data-lazyload=\"\/\/www.josepbou.com\/wp-content\/plugins\/revslider\/sr6\/assets\/assets\/transparent.png\" data-no-retina>\n<!--\n\t\t\t\t\t\t\t--><rs-layer\n\t\t\t\t\t\t\t\tid=\"slider-65-slide-708-layer-2\" \n\t\t\t\t\t\t\t\tdata-type=\"image\"\n\t\t\t\t\t\t\t\tdata-rsp_ch=\"on\"\n\t\t\t\t\t\t\t\tdata-xy=\"x:c;y:m;\"\n\t\t\t\t\t\t\t\tdata-text=\"w:normal;s:20,23,17,10;l:0,28,21,12;\"\n\t\t\t\t\t\t\t\tdata-dim=\"w:885px,1022px,776px,478px;h:590px,681px,517px,318px;\"\n\t\t\t\t\t\t\t\tdata-frame_999=\"o:0;st:w;\"\n\t\t\t\t\t\t\t\tstyle=\"z-index:5;\"\n\t\t\t\t\t\t\t><img src=\"\/\/www.josepbou.com\/wp-content\/plugins\/revslider\/sr6\/assets\/assets\/dummy.png\" alt=\"\" class=\"tp-rs-img rs-lazyload\" width=\"885\" height=\"590\" data-lazyload=\"\/\/www.josepbou.com\/wp-content\/uploads\/2024\/09\/Web-Llibre-Foto-Forum-03.jpg\" data-no-retina> \n\t\t\t\t\t\t\t<\/rs-layer><!--\n-->\t\t\t\t\t<\/rs-slide>\n\t\t\t\t\t\t<rs-slide style=\"position: absolute;\" data-key=\"rs-709\" data-title=\"Slide4\" data-in=\"o:0;\" data-out=\"a:false;\">\n\t\t\t\t\t\t\t<img src=\"\/\/www.josepbou.com\/wp-content\/plugins\/revslider\/sr6\/assets\/assets\/dummy.png\" alt=\"Slide4\" title=\"LLIBRE 16. FOTO F\u00d2RUM 2010 &#8211; Un espai de di\u00e0leg entre la imatge i la paraula\" class=\"rev-slidebg tp-rs-img rs-lazyload\" data-lazyload=\"\/\/www.josepbou.com\/wp-content\/plugins\/revslider\/sr6\/assets\/assets\/transparent.png\" data-no-retina>\n<!--\n\t\t\t\t\t\t\t--><rs-layer\n\t\t\t\t\t\t\t\tid=\"slider-65-slide-709-layer-3\" \n\t\t\t\t\t\t\t\tdata-type=\"image\"\n\t\t\t\t\t\t\t\tdata-rsp_ch=\"on\"\n\t\t\t\t\t\t\t\tdata-xy=\"x:c;y:m;\"\n\t\t\t\t\t\t\t\tdata-text=\"w:normal;s:20,23,17,10;l:0,28,21,12;\"\n\t\t\t\t\t\t\t\tdata-dim=\"w:886px,1023px,777px,479px;h:591px,683px,518px,319px;\"\n\t\t\t\t\t\t\t\tdata-frame_999=\"o:0;st:w;\"\n\t\t\t\t\t\t\t\tstyle=\"z-index:5;\"\n\t\t\t\t\t\t\t><img src=\"\/\/www.josepbou.com\/wp-content\/plugins\/revslider\/sr6\/assets\/assets\/dummy.png\" alt=\"\" class=\"tp-rs-img rs-lazyload\" width=\"886\" height=\"591\" data-lazyload=\"\/\/www.josepbou.com\/wp-content\/uploads\/2024\/09\/Web-Llibre-Foto-Forum-04.jpg\" data-no-retina> \n\t\t\t\t\t\t\t<\/rs-layer><!--\n-->\t\t\t\t\t<\/rs-slide>\n\t\t\t\t\t\t<rs-slide style=\"position: absolute;\" data-key=\"rs-710\" data-title=\"Slide5\" data-in=\"o:0;\" data-out=\"a:false;\">\n\t\t\t\t\t\t\t<img src=\"\/\/www.josepbou.com\/wp-content\/plugins\/revslider\/sr6\/assets\/assets\/dummy.png\" alt=\"Slide5\" title=\"LLIBRE 16. FOTO F\u00d2RUM 2010 &#8211; Un espai de di\u00e0leg entre la imatge i la paraula\" class=\"rev-slidebg tp-rs-img rs-lazyload\" data-lazyload=\"\/\/www.josepbou.com\/wp-content\/plugins\/revslider\/sr6\/assets\/assets\/transparent.png\" data-no-retina>\n<!--\n\t\t\t\t\t\t\t--><rs-layer\n\t\t\t\t\t\t\t\tid=\"slider-65-slide-710-layer-4\" \n\t\t\t\t\t\t\t\tdata-type=\"image\"\n\t\t\t\t\t\t\t\tdata-rsp_ch=\"on\"\n\t\t\t\t\t\t\t\tdata-xy=\"x:c;y:m;\"\n\t\t\t\t\t\t\t\tdata-text=\"w:normal;s:20,23,17,10;l:0,28,21,12;\"\n\t\t\t\t\t\t\t\tdata-dim=\"w:886px,1023px,777px,479px;h:591px,683px,518px,319px;\"\n\t\t\t\t\t\t\t\tdata-frame_999=\"o:0;st:w;\"\n\t\t\t\t\t\t\t\tstyle=\"z-index:5;\"\n\t\t\t\t\t\t\t><img src=\"\/\/www.josepbou.com\/wp-content\/plugins\/revslider\/sr6\/assets\/assets\/dummy.png\" alt=\"\" class=\"tp-rs-img rs-lazyload\" width=\"886\" height=\"591\" data-lazyload=\"\/\/www.josepbou.com\/wp-content\/uploads\/2024\/09\/Web-Llibre-Foto-Forum-05.jpg\" data-no-retina> \n\t\t\t\t\t\t\t<\/rs-layer><!--\n-->\t\t\t\t\t<\/rs-slide>\n\t\t\t\t\t\t<rs-slide style=\"position: absolute;\" data-key=\"rs-711\" data-title=\"Slide6\" data-in=\"o:0;\" data-out=\"a:false;\">\n\t\t\t\t\t\t\t<img src=\"\/\/www.josepbou.com\/wp-content\/plugins\/revslider\/sr6\/assets\/assets\/dummy.png\" alt=\"Slide6\" title=\"LLIBRE 16. FOTO F\u00d2RUM 2010 &#8211; Un espai de di\u00e0leg entre la imatge i la paraula\" class=\"rev-slidebg tp-rs-img rs-lazyload\" data-lazyload=\"\/\/www.josepbou.com\/wp-content\/plugins\/revslider\/sr6\/assets\/assets\/transparent.png\" data-no-retina>\n<!--\n\t\t\t\t\t\t\t--><rs-layer\n\t\t\t\t\t\t\t\tid=\"slider-65-slide-711-layer-5\" \n\t\t\t\t\t\t\t\tdata-type=\"image\"\n\t\t\t\t\t\t\t\tdata-rsp_ch=\"on\"\n\t\t\t\t\t\t\t\tdata-xy=\"x:c;y:m;\"\n\t\t\t\t\t\t\t\tdata-text=\"w:normal;s:20,23,17,10;l:0,28,21,12;\"\n\t\t\t\t\t\t\t\tdata-dim=\"w:886px,1023px,777px,479px;h:591px,683px,518px,319px;\"\n\t\t\t\t\t\t\t\tdata-frame_999=\"o:0;st:w;\"\n\t\t\t\t\t\t\t\tstyle=\"z-index:5;\"\n\t\t\t\t\t\t\t><img src=\"\/\/www.josepbou.com\/wp-content\/plugins\/revslider\/sr6\/assets\/assets\/dummy.png\" alt=\"\" class=\"tp-rs-img rs-lazyload\" width=\"886\" height=\"591\" data-lazyload=\"\/\/www.josepbou.com\/wp-content\/uploads\/2024\/09\/Web-Llibre-Foto-Forum-06.jpg\" data-no-retina> \n\t\t\t\t\t\t\t<\/rs-layer><!--\n-->\t\t\t\t\t<\/rs-slide>\n\t\t\t\t\t\t<rs-slide style=\"position: absolute;\" data-key=\"rs-712\" data-title=\"Slide7\" data-in=\"o:0;\" data-out=\"a:false;\">\n\t\t\t\t\t\t\t<img src=\"\/\/www.josepbou.com\/wp-content\/plugins\/revslider\/sr6\/assets\/assets\/dummy.png\" alt=\"Slide7\" title=\"LLIBRE 16. FOTO F\u00d2RUM 2010 &#8211; Un espai de di\u00e0leg entre la imatge i la paraula\" class=\"rev-slidebg tp-rs-img rs-lazyload\" data-lazyload=\"\/\/www.josepbou.com\/wp-content\/plugins\/revslider\/sr6\/assets\/assets\/transparent.png\" data-no-retina>\n<!--\n\t\t\t\t\t\t\t--><rs-layer\n\t\t\t\t\t\t\t\tid=\"slider-65-slide-712-layer-6\" \n\t\t\t\t\t\t\t\tdata-type=\"image\"\n\t\t\t\t\t\t\t\tdata-rsp_ch=\"on\"\n\t\t\t\t\t\t\t\tdata-xy=\"x:c;y:m;\"\n\t\t\t\t\t\t\t\tdata-text=\"w:normal;s:20,23,17,10;l:0,28,21,12;\"\n\t\t\t\t\t\t\t\tdata-dim=\"w:886px,1023px,777px,479px;h:591px,683px,518px,319px;\"\n\t\t\t\t\t\t\t\tdata-frame_999=\"o:0;st:w;\"\n\t\t\t\t\t\t\t\tstyle=\"z-index:5;\"\n\t\t\t\t\t\t\t><img src=\"\/\/www.josepbou.com\/wp-content\/plugins\/revslider\/sr6\/assets\/assets\/dummy.png\" alt=\"\" class=\"tp-rs-img rs-lazyload\" width=\"886\" height=\"591\" data-lazyload=\"\/\/www.josepbou.com\/wp-content\/uploads\/2024\/09\/Web-Llibre-Foto-Forum-07.jpg\" data-no-retina> \n\t\t\t\t\t\t\t<\/rs-layer><!--\n-->\t\t\t\t\t<\/rs-slide>\n\t\t\t\t\t\t<rs-slide style=\"position: absolute;\" data-key=\"rs-713\" data-title=\"Slide8\" data-in=\"o:0;\" data-out=\"a:false;\">\n\t\t\t\t\t\t\t<img src=\"\/\/www.josepbou.com\/wp-content\/plugins\/revslider\/sr6\/assets\/assets\/dummy.png\" alt=\"Slide8\" title=\"LLIBRE 16. FOTO F\u00d2RUM 2010 &#8211; Un espai de di\u00e0leg entre la imatge i la paraula\" class=\"rev-slidebg tp-rs-img rs-lazyload\" data-lazyload=\"\/\/www.josepbou.com\/wp-content\/plugins\/revslider\/sr6\/assets\/assets\/transparent.png\" data-no-retina>\n<!--\n\t\t\t\t\t\t\t--><rs-layer\n\t\t\t\t\t\t\t\tid=\"slider-65-slide-713-layer-7\" \n\t\t\t\t\t\t\t\tdata-type=\"image\"\n\t\t\t\t\t\t\t\tdata-rsp_ch=\"on\"\n\t\t\t\t\t\t\t\tdata-xy=\"x:c;y:m;\"\n\t\t\t\t\t\t\t\tdata-text=\"w:normal;s:20,23,17,10;l:0,28,21,12;\"\n\t\t\t\t\t\t\t\tdata-dim=\"w:886px,1023px,777px,479px;h:591px,683px,518px,319px;\"\n\t\t\t\t\t\t\t\tdata-frame_999=\"o:0;st:w;\"\n\t\t\t\t\t\t\t\tstyle=\"z-index:5;\"\n\t\t\t\t\t\t\t><img src=\"\/\/www.josepbou.com\/wp-content\/plugins\/revslider\/sr6\/assets\/assets\/dummy.png\" alt=\"\" class=\"tp-rs-img rs-lazyload\" width=\"886\" height=\"591\" data-lazyload=\"\/\/www.josepbou.com\/wp-content\/uploads\/2024\/09\/Web-Llibre-Foto-Forum-08.jpg\" data-no-retina> \n\t\t\t\t\t\t\t<\/rs-layer><!--\n-->\t\t\t\t\t<\/rs-slide>\n\t\t\t\t\t\t<rs-slide style=\"position: absolute;\" data-key=\"rs-714\" data-title=\"Slide9\" data-in=\"o:0;\" data-out=\"a:false;\">\n\t\t\t\t\t\t\t<img src=\"\/\/www.josepbou.com\/wp-content\/plugins\/revslider\/sr6\/assets\/assets\/dummy.png\" alt=\"Slide9\" title=\"LLIBRE 16. FOTO F\u00d2RUM 2010 &#8211; Un espai de di\u00e0leg entre la imatge i la paraula\" class=\"rev-slidebg tp-rs-img rs-lazyload\" data-lazyload=\"\/\/www.josepbou.com\/wp-content\/plugins\/revslider\/sr6\/assets\/assets\/transparent.png\" data-no-retina>\n<!--\n\t\t\t\t\t\t\t--><rs-layer\n\t\t\t\t\t\t\t\tid=\"slider-65-slide-714-layer-8\" \n\t\t\t\t\t\t\t\tdata-type=\"image\"\n\t\t\t\t\t\t\t\tdata-rsp_ch=\"on\"\n\t\t\t\t\t\t\t\tdata-xy=\"x:c;y:m;\"\n\t\t\t\t\t\t\t\tdata-text=\"w:normal;s:20,23,17,10;l:0,28,21,12;\"\n\t\t\t\t\t\t\t\tdata-dim=\"w:886px,1023px,777px,479px;h:591px,683px,518px,319px;\"\n\t\t\t\t\t\t\t\tdata-frame_999=\"o:0;st:w;\"\n\t\t\t\t\t\t\t\tstyle=\"z-index:5;\"\n\t\t\t\t\t\t\t><img src=\"\/\/www.josepbou.com\/wp-content\/plugins\/revslider\/sr6\/assets\/assets\/dummy.png\" alt=\"\" class=\"tp-rs-img rs-lazyload\" width=\"886\" height=\"591\" data-lazyload=\"\/\/www.josepbou.com\/wp-content\/uploads\/2024\/09\/Web-Llibre-Foto-Forum-09.jpg\" data-no-retina> \n\t\t\t\t\t\t\t<\/rs-layer><!--\n-->\t\t\t\t\t<\/rs-slide>\n\t\t\t\t\t\t<rs-slide style=\"position: absolute;\" data-key=\"rs-715\" data-title=\"Slide10\" data-in=\"o:0;\" data-out=\"a:false;\">\n\t\t\t\t\t\t\t<img src=\"\/\/www.josepbou.com\/wp-content\/plugins\/revslider\/sr6\/assets\/assets\/dummy.png\" alt=\"Slide10\" title=\"LLIBRE 16. FOTO F\u00d2RUM 2010 &#8211; Un espai de di\u00e0leg entre la imatge i la paraula\" class=\"rev-slidebg tp-rs-img rs-lazyload\" data-lazyload=\"\/\/www.josepbou.com\/wp-content\/plugins\/revslider\/sr6\/assets\/assets\/transparent.png\" data-no-retina>\n<!--\n\t\t\t\t\t\t\t--><rs-layer\n\t\t\t\t\t\t\t\tid=\"slider-65-slide-715-layer-9\" \n\t\t\t\t\t\t\t\tdata-type=\"image\"\n\t\t\t\t\t\t\t\tdata-rsp_ch=\"on\"\n\t\t\t\t\t\t\t\tdata-xy=\"x:c;y:m;\"\n\t\t\t\t\t\t\t\tdata-text=\"w:normal;s:20,23,17,10;l:0,28,21,12;\"\n\t\t\t\t\t\t\t\tdata-dim=\"w:886px,1023px,777px,479px;h:591px,683px,518px,319px;\"\n\t\t\t\t\t\t\t\tdata-frame_999=\"o:0;st:w;\"\n\t\t\t\t\t\t\t\tstyle=\"z-index:5;\"\n\t\t\t\t\t\t\t><img src=\"\/\/www.josepbou.com\/wp-content\/plugins\/revslider\/sr6\/assets\/assets\/dummy.png\" alt=\"\" class=\"tp-rs-img rs-lazyload\" width=\"886\" height=\"591\" data-lazyload=\"\/\/www.josepbou.com\/wp-content\/uploads\/2024\/09\/Web-Llibre-Foto-Forum-10.jpg\" data-no-retina> \n\t\t\t\t\t\t\t<\/rs-layer><!--\n-->\t\t\t\t\t<\/rs-slide>\n\t\t\t\t\t\t<rs-slide style=\"position: absolute;\" data-key=\"rs-716\" data-title=\"Slide11\" data-in=\"o:0;\" data-out=\"a:false;\">\n\t\t\t\t\t\t\t<img src=\"\/\/www.josepbou.com\/wp-content\/plugins\/revslider\/sr6\/assets\/assets\/dummy.png\" alt=\"Slide11\" title=\"LLIBRE 16. FOTO F\u00d2RUM 2010 &#8211; Un espai de di\u00e0leg entre la imatge i la paraula\" class=\"rev-slidebg tp-rs-img rs-lazyload\" data-lazyload=\"\/\/www.josepbou.com\/wp-content\/plugins\/revslider\/sr6\/assets\/assets\/transparent.png\" data-no-retina>\n<!--\n\t\t\t\t\t\t\t--><rs-layer\n\t\t\t\t\t\t\t\tid=\"slider-65-slide-716-layer-10\" \n\t\t\t\t\t\t\t\tdata-type=\"image\"\n\t\t\t\t\t\t\t\tdata-rsp_ch=\"on\"\n\t\t\t\t\t\t\t\tdata-xy=\"x:c;y:m;\"\n\t\t\t\t\t\t\t\tdata-text=\"w:normal;s:20,23,17,10;l:0,28,21,12;\"\n\t\t\t\t\t\t\t\tdata-dim=\"w:886px,1023px,777px,479px;h:591px,683px,518px,319px;\"\n\t\t\t\t\t\t\t\tdata-frame_999=\"o:0;st:w;\"\n\t\t\t\t\t\t\t\tstyle=\"z-index:5;\"\n\t\t\t\t\t\t\t><img src=\"\/\/www.josepbou.com\/wp-content\/plugins\/revslider\/sr6\/assets\/assets\/dummy.png\" alt=\"\" class=\"tp-rs-img rs-lazyload\" width=\"886\" height=\"591\" data-lazyload=\"\/\/www.josepbou.com\/wp-content\/uploads\/2024\/09\/Web-Llibre-Foto-Forum-11.jpg\" data-no-retina> \n\t\t\t\t\t\t\t<\/rs-layer><!--\n-->\t\t\t\t\t<\/rs-slide>\n\t\t\t\t\t\t<rs-slide style=\"position: absolute;\" data-key=\"rs-717\" data-title=\"Slide12\" data-in=\"o:0;\" data-out=\"a:false;\">\n\t\t\t\t\t\t\t<img src=\"\/\/www.josepbou.com\/wp-content\/plugins\/revslider\/sr6\/assets\/assets\/dummy.png\" alt=\"Slide12\" title=\"LLIBRE 16. FOTO F\u00d2RUM 2010 &#8211; Un espai de di\u00e0leg entre la imatge i la paraula\" class=\"rev-slidebg tp-rs-img rs-lazyload\" data-lazyload=\"\/\/www.josepbou.com\/wp-content\/plugins\/revslider\/sr6\/assets\/assets\/transparent.png\" data-no-retina>\n<!--\n\t\t\t\t\t\t\t--><rs-layer\n\t\t\t\t\t\t\t\tid=\"slider-65-slide-717-layer-11\" \n\t\t\t\t\t\t\t\tdata-type=\"image\"\n\t\t\t\t\t\t\t\tdata-rsp_ch=\"on\"\n\t\t\t\t\t\t\t\tdata-xy=\"x:c;y:m;\"\n\t\t\t\t\t\t\t\tdata-text=\"w:normal;s:20,23,17,10;l:0,28,21,12;\"\n\t\t\t\t\t\t\t\tdata-dim=\"w:886px,1023px,777px,479px;h:591px,683px,518px,319px;\"\n\t\t\t\t\t\t\t\tdata-frame_999=\"o:0;st:w;\"\n\t\t\t\t\t\t\t\tstyle=\"z-index:5;\"\n\t\t\t\t\t\t\t><img src=\"\/\/www.josepbou.com\/wp-content\/plugins\/revslider\/sr6\/assets\/assets\/dummy.png\" alt=\"\" class=\"tp-rs-img rs-lazyload\" width=\"886\" height=\"591\" data-lazyload=\"\/\/www.josepbou.com\/wp-content\/uploads\/2024\/09\/Web-Llibre-Foto-Forum-12.jpg\" data-no-retina> \n\t\t\t\t\t\t\t<\/rs-layer><!--\n-->\t\t\t\t\t<\/rs-slide>\n\t\t\t\t\t<\/rs-slides>\n\t\t\t\t<\/rs-module>\n\t\t\t\t<script>\n\t\t\t\t\tsetREVStartSize({c: 'rev_slider_65_1',rl:[1240,1024,778,480],el:[591,768,960,720],gw:[886,1024,778,480],gh:[591,768,960,720],type:'standard',justify:'',layout:'fullwidth',mh:\"0\"});if (window.RS_MODULES!==undefined && window.RS_MODULES.modules!==undefined && window.RS_MODULES.modules[\"revslider651\"]!==undefined) {window.RS_MODULES.modules[\"revslider651\"].once = false;window.revapi65 = undefined;if (window.RS_MODULES.checkMinimal!==undefined) window.RS_MODULES.checkMinimal()}\n\t\t\t\t<\/script>\n\t\t\t<\/rs-module-wrap>\n\t\t\t<!-- END REVOLUTION SLIDER -->\n[\/vc_column][\/vc_row][vc_row][vc_column][vc_column_text font_family=\u00bbVerdana, Geneva, sans-serif\u00bb]<strong>FOTO F\u00d2RUM 2010 &#8211; Un espai de di\u00e0leg entre la imatge i la paraula<\/strong><\/p>\n<p>Deambular per <strong>Foto F\u00f2rum 2010<\/strong> ha estat una estrat\u00e8gia creativa i les ciutats per on ho he fet, el meu terreny de joc, defugint del registre documental en el sentit m\u00e9s estricte. Si hagu\u00e9s de definir de quina manera he encarat l\u2019estrat\u00e8gia hauria de parlar, sobretot, de recerca. D\u2019una recerca en l\u2019entorn m\u00e9s proper, com un equilibrista temptejant els moviments, for\u00e7ant les dist\u00e0ncies, mantenint una actitud centrada en l\u2019observaci\u00f3 i intentant experimentar una percepci\u00f3 directa d\u2019all\u00f2 que estava fotografiant. El fruit de la recerca va conduir-me a la creaci\u00f3 d\u2019un univers propi. Un univers que, per enriquir-lo, vaig decidir manllevar milers de paraules a aquells amics disposats a acompanyar-me en qualsevol projecte i vinculats al m\u00f3n de l\u2019art, del teatre, de la fotografia, la doc\u00e8ncia, la gesti\u00f3 cultural, el disseny, la comunicaci\u00f3 o el periodisme. Tamb\u00e9 alguns pol\u00edtics, per qu\u00e8 no?, muse\u00f2grafs, galeristes, fil\u00f2legs, psicoanalistes, il\u00b7lustradors, bibliotec\u00e0ries, escriptors i poetes. Tots ells, generosament, crearen un relat unipersonal per acompanyar les cinquanta-dues fotografies que al llarg de l\u2019any 2010, una per setmana, vaig publicar <em>online<\/em>. Han passat nou anys i avui res \u00e9s com era llavors per\u00f2 la idea d\u2019on neix <strong>Foto F\u00f2rum 2010<\/strong>, que no era altra que la de crear un espai de di\u00e0leg entre la imatge i la paraula, segueix mantenint-se immutable, invariable, s\u00f2lida i impertorbable.<\/p>\n<p>Resum del text de presentaci\u00f3 <em>Un espai de di\u00e0leg entre la imatge i la paraula<\/em> de Josep Bou, editat el 2019.[\/vc_column_text][\/vc_column][\/vc_row]\n<\/div>","protected":false},"excerpt":{"rendered":"<p>[vc_row][vc_column][\/vc_column][\/vc_row][vc_row][vc_column][vc_column_text font_family=\u00bbVerdana, Geneva, sans-serif\u00bb]FOTO F\u00d2RUM 2010 &#8211; Un espai de di\u00e0leg entre la imatge i la paraula Deambular per Foto F\u00f2rum 2010 ha estat una estrat\u00e8gia creativa i les ciutats per on ho he fet, el meu terreny de joc, defugint del registre documental en el sentit m\u00e9s estricte. Si hagu\u00e9s de definir de quina&hellip;<\/p>\n","protected":false},"author":1,"featured_media":0,"parent":0,"menu_order":0,"comment_status":"closed","ping_status":"closed","template":"","meta":{"footnotes":""},"class_list":["post-1189","page","type-page","status-publish","hentry","entry","no-media"],"_links":{"self":[{"href":"https:\/\/www.josepbou.com\/index.php?rest_route=\/wp\/v2\/pages\/1189","targetHints":{"allow":["GET"]}}],"collection":[{"href":"https:\/\/www.josepbou.com\/index.php?rest_route=\/wp\/v2\/pages"}],"about":[{"href":"https:\/\/www.josepbou.com\/index.php?rest_route=\/wp\/v2\/types\/page"}],"author":[{"embeddable":true,"href":"https:\/\/www.josepbou.com\/index.php?rest_route=\/wp\/v2\/users\/1"}],"replies":[{"embeddable":true,"href":"https:\/\/www.josepbou.com\/index.php?rest_route=%2Fwp%2Fv2%2Fcomments&post=1189"}],"version-history":[{"count":3,"href":"https:\/\/www.josepbou.com\/index.php?rest_route=\/wp\/v2\/pages\/1189\/revisions"}],"predecessor-version":[{"id":2163,"href":"https:\/\/www.josepbou.com\/index.php?rest_route=\/wp\/v2\/pages\/1189\/revisions\/2163"}],"wp:attachment":[{"href":"https:\/\/www.josepbou.com\/index.php?rest_route=%2Fwp%2Fv2%2Fmedia&parent=1189"}],"curies":[{"name":"wp","href":"https:\/\/api.w.org\/{rel}","templated":true}]}}