{"id":1170,"date":"2024-06-11T17:14:52","date_gmt":"2024-06-11T15:14:52","guid":{"rendered":"http:\/\/www.josepbou.com\/?page_id=1170"},"modified":"2024-06-11T17:15:42","modified_gmt":"2024-06-11T15:15:42","slug":"llibre-21-aziumut-viatge-amb-un-globus-terraqui","status":"publish","type":"page","link":"https:\/\/www.josepbou.com\/?page_id=1170&lang=ca","title":{"rendered":"LLIBRE 21. AZIUMUT &#8211; Viatge amb un globus terraq\u00fci"},"content":{"rendered":"<div class=\"wpb-content-wrapper\">[vc_row][vc_column]\n\t\t\t<!-- START Libro21 REVOLUTION SLIDER 6.7.4 --><p class=\"rs-p-wp-fix\"><\/p>\n\t\t\t<rs-module-wrap id=\"rev_slider_70_1_wrapper\" data-source=\"gallery\" style=\"visibility:hidden;background:transparent;padding:0;margin:0px auto;margin-top:0;margin-bottom:0;\">\n\t\t\t\t<rs-module id=\"rev_slider_70_1\" style=\"\" data-version=\"6.7.4\">\n\t\t\t\t\t<rs-slides style=\"overflow: hidden; position: absolute;\">\n\t\t\t\t\t\t<rs-slide style=\"position: absolute;\" data-key=\"rs-770\" data-title=\"Slide1\" data-in=\"o:0;\" data-out=\"a:false;\">\n\t\t\t\t\t\t\t<img src=\"\/\/www.josepbou.com\/wp-content\/plugins\/revslider\/sr6\/assets\/assets\/dummy.png\" alt=\"Slide1\" title=\"LLIBRE 21. AZIUMUT &#8211; Viatge amb un globus terraq\u00fci\" class=\"rev-slidebg tp-rs-img rs-lazyload\" data-lazyload=\"\/\/www.josepbou.com\/wp-content\/plugins\/revslider\/sr6\/assets\/assets\/transparent.png\" data-no-retina>\n<!--\n\t\t\t\t\t\t\t--><rs-layer\n\t\t\t\t\t\t\t\tid=\"slider-70-slide-770-layer-0\" \n\t\t\t\t\t\t\t\tdata-type=\"image\"\n\t\t\t\t\t\t\t\tdata-rsp_ch=\"on\"\n\t\t\t\t\t\t\t\tdata-xy=\"x:c;y:m;\"\n\t\t\t\t\t\t\t\tdata-text=\"w:normal;s:20,23,17,10;l:0,28,21,12;\"\n\t\t\t\t\t\t\t\tdata-dim=\"w:886px,1023px,777px,479px;h:558px,644px,489px,301px;\"\n\t\t\t\t\t\t\t\tdata-frame_999=\"o:0;st:w;\"\n\t\t\t\t\t\t\t\tstyle=\"z-index:5;\"\n\t\t\t\t\t\t\t><img src=\"\/\/www.josepbou.com\/wp-content\/plugins\/revslider\/sr6\/assets\/assets\/dummy.png\" alt=\"\" class=\"tp-rs-img rs-lazyload\" width=\"886\" height=\"558\" data-lazyload=\"\/\/www.josepbou.com\/wp-content\/uploads\/2024\/09\/Web-Llibre-AZIMUT-01.jpg\" data-no-retina> \n\t\t\t\t\t\t\t<\/rs-layer><!--\n-->\t\t\t\t\t<\/rs-slide>\n\t\t\t\t\t\t<rs-slide style=\"position: absolute;\" data-key=\"rs-771\" data-title=\"Slide2\" data-in=\"o:0;\" data-out=\"a:false;\">\n\t\t\t\t\t\t\t<img src=\"\/\/www.josepbou.com\/wp-content\/plugins\/revslider\/sr6\/assets\/assets\/dummy.png\" alt=\"Slide2\" title=\"LLIBRE 21. AZIUMUT &#8211; Viatge amb un globus terraq\u00fci\" class=\"rev-slidebg tp-rs-img rs-lazyload\" data-lazyload=\"\/\/www.josepbou.com\/wp-content\/plugins\/revslider\/sr6\/assets\/assets\/transparent.png\" data-no-retina>\n<!--\n\t\t\t\t\t\t\t--><rs-layer\n\t\t\t\t\t\t\t\tid=\"slider-70-slide-771-layer-1\" \n\t\t\t\t\t\t\t\tdata-type=\"image\"\n\t\t\t\t\t\t\t\tdata-rsp_ch=\"on\"\n\t\t\t\t\t\t\t\tdata-xy=\"x:c;y:m;\"\n\t\t\t\t\t\t\t\tdata-text=\"w:normal;s:20,23,17,10;l:0,28,21,12;\"\n\t\t\t\t\t\t\t\tdata-dim=\"w:886px,1023px,777px,479px;h:558px,644px,489px,301px;\"\n\t\t\t\t\t\t\t\tdata-frame_999=\"o:0;st:w;\"\n\t\t\t\t\t\t\t\tstyle=\"z-index:5;\"\n\t\t\t\t\t\t\t><img src=\"\/\/www.josepbou.com\/wp-content\/plugins\/revslider\/sr6\/assets\/assets\/dummy.png\" alt=\"\" class=\"tp-rs-img rs-lazyload\" width=\"886\" height=\"558\" data-lazyload=\"\/\/www.josepbou.com\/wp-content\/uploads\/2024\/09\/Web-Llibre-AZIMUT-02.jpg\" data-no-retina> \n\t\t\t\t\t\t\t<\/rs-layer><!--\n-->\t\t\t\t\t<\/rs-slide>\n\t\t\t\t\t\t<rs-slide style=\"position: absolute;\" data-key=\"rs-772\" data-title=\"Slide3\" data-in=\"o:0;\" data-out=\"a:false;\">\n\t\t\t\t\t\t\t<img src=\"\/\/www.josepbou.com\/wp-content\/plugins\/revslider\/sr6\/assets\/assets\/dummy.png\" alt=\"Slide3\" title=\"LLIBRE 21. AZIUMUT &#8211; Viatge amb un globus terraq\u00fci\" class=\"rev-slidebg tp-rs-img rs-lazyload\" data-lazyload=\"\/\/www.josepbou.com\/wp-content\/plugins\/revslider\/sr6\/assets\/assets\/transparent.png\" data-no-retina>\n<!--\n\t\t\t\t\t\t\t--><rs-layer\n\t\t\t\t\t\t\t\tid=\"slider-70-slide-772-layer-2\" \n\t\t\t\t\t\t\t\tdata-type=\"image\"\n\t\t\t\t\t\t\t\tdata-rsp_ch=\"on\"\n\t\t\t\t\t\t\t\tdata-xy=\"x:c;y:m;\"\n\t\t\t\t\t\t\t\tdata-text=\"w:normal;s:20,23,17,10;l:0,28,21,12;\"\n\t\t\t\t\t\t\t\tdata-dim=\"w:886px,1023px,777px,479px;h:558px,644px,489px,301px;\"\n\t\t\t\t\t\t\t\tdata-frame_999=\"o:0;st:w;\"\n\t\t\t\t\t\t\t\tstyle=\"z-index:5;\"\n\t\t\t\t\t\t\t><img src=\"\/\/www.josepbou.com\/wp-content\/plugins\/revslider\/sr6\/assets\/assets\/dummy.png\" alt=\"\" class=\"tp-rs-img rs-lazyload\" width=\"886\" height=\"558\" data-lazyload=\"\/\/www.josepbou.com\/wp-content\/uploads\/2024\/09\/Web-Llibre-AZIMUT-03.jpg\" data-no-retina> \n\t\t\t\t\t\t\t<\/rs-layer><!--\n-->\t\t\t\t\t<\/rs-slide>\n\t\t\t\t\t\t<rs-slide style=\"position: absolute;\" data-key=\"rs-773\" data-title=\"Slide4\" data-in=\"o:0;\" data-out=\"a:false;\">\n\t\t\t\t\t\t\t<img src=\"\/\/www.josepbou.com\/wp-content\/plugins\/revslider\/sr6\/assets\/assets\/dummy.png\" alt=\"Slide4\" title=\"LLIBRE 21. AZIUMUT &#8211; Viatge amb un globus terraq\u00fci\" class=\"rev-slidebg tp-rs-img rs-lazyload\" data-lazyload=\"\/\/www.josepbou.com\/wp-content\/plugins\/revslider\/sr6\/assets\/assets\/transparent.png\" data-no-retina>\n<!--\n\t\t\t\t\t\t\t--><rs-layer\n\t\t\t\t\t\t\t\tid=\"slider-70-slide-773-layer-3\" \n\t\t\t\t\t\t\t\tdata-type=\"image\"\n\t\t\t\t\t\t\t\tdata-rsp_ch=\"on\"\n\t\t\t\t\t\t\t\tdata-xy=\"x:c;y:m;\"\n\t\t\t\t\t\t\t\tdata-text=\"w:normal;s:20,23,17,10;l:0,28,21,12;\"\n\t\t\t\t\t\t\t\tdata-dim=\"w:886px,1023px,777px,479px;h:558px,644px,489px,301px;\"\n\t\t\t\t\t\t\t\tdata-frame_999=\"o:0;st:w;\"\n\t\t\t\t\t\t\t\tstyle=\"z-index:5;\"\n\t\t\t\t\t\t\t><img src=\"\/\/www.josepbou.com\/wp-content\/plugins\/revslider\/sr6\/assets\/assets\/dummy.png\" alt=\"\" class=\"tp-rs-img rs-lazyload\" width=\"886\" height=\"558\" data-lazyload=\"\/\/www.josepbou.com\/wp-content\/uploads\/2024\/09\/Web-Llibre-AZIMUT-04.jpg\" data-no-retina> \n\t\t\t\t\t\t\t<\/rs-layer><!--\n-->\t\t\t\t\t<\/rs-slide>\n\t\t\t\t\t\t<rs-slide style=\"position: absolute;\" data-key=\"rs-774\" data-title=\"Slide5\" data-in=\"o:0;\" data-out=\"a:false;\">\n\t\t\t\t\t\t\t<img src=\"\/\/www.josepbou.com\/wp-content\/plugins\/revslider\/sr6\/assets\/assets\/dummy.png\" alt=\"Slide5\" title=\"LLIBRE 21. AZIUMUT &#8211; Viatge amb un globus terraq\u00fci\" class=\"rev-slidebg tp-rs-img rs-lazyload\" data-lazyload=\"\/\/www.josepbou.com\/wp-content\/plugins\/revslider\/sr6\/assets\/assets\/transparent.png\" data-no-retina>\n<!--\n\t\t\t\t\t\t\t--><rs-layer\n\t\t\t\t\t\t\t\tid=\"slider-70-slide-774-layer-4\" \n\t\t\t\t\t\t\t\tdata-type=\"image\"\n\t\t\t\t\t\t\t\tdata-rsp_ch=\"on\"\n\t\t\t\t\t\t\t\tdata-xy=\"x:c;y:m;\"\n\t\t\t\t\t\t\t\tdata-text=\"w:normal;s:20,23,17,10;l:0,28,21,12;\"\n\t\t\t\t\t\t\t\tdata-dim=\"w:886px,1023px,777px,479px;h:558px,644px,489px,301px;\"\n\t\t\t\t\t\t\t\tdata-frame_999=\"o:0;st:w;\"\n\t\t\t\t\t\t\t\tstyle=\"z-index:5;\"\n\t\t\t\t\t\t\t><img src=\"\/\/www.josepbou.com\/wp-content\/plugins\/revslider\/sr6\/assets\/assets\/dummy.png\" alt=\"\" class=\"tp-rs-img rs-lazyload\" width=\"886\" height=\"558\" data-lazyload=\"\/\/www.josepbou.com\/wp-content\/uploads\/2024\/09\/Web-Llibre-AZIMUT-05.jpg\" data-no-retina> \n\t\t\t\t\t\t\t<\/rs-layer><!--\n-->\t\t\t\t\t<\/rs-slide>\n\t\t\t\t\t\t<rs-slide style=\"position: absolute;\" data-key=\"rs-775\" data-title=\"Slide6\" data-in=\"o:0;\" data-out=\"a:false;\">\n\t\t\t\t\t\t\t<img src=\"\/\/www.josepbou.com\/wp-content\/plugins\/revslider\/sr6\/assets\/assets\/dummy.png\" alt=\"Slide6\" title=\"LLIBRE 21. AZIUMUT &#8211; Viatge amb un globus terraq\u00fci\" class=\"rev-slidebg tp-rs-img rs-lazyload\" data-lazyload=\"\/\/www.josepbou.com\/wp-content\/plugins\/revslider\/sr6\/assets\/assets\/transparent.png\" data-no-retina>\n<!--\n\t\t\t\t\t\t\t--><rs-layer\n\t\t\t\t\t\t\t\tid=\"slider-70-slide-775-layer-5\" \n\t\t\t\t\t\t\t\tdata-type=\"image\"\n\t\t\t\t\t\t\t\tdata-rsp_ch=\"on\"\n\t\t\t\t\t\t\t\tdata-xy=\"x:c;y:m;\"\n\t\t\t\t\t\t\t\tdata-text=\"w:normal;s:20,23,17,10;l:0,28,21,12;\"\n\t\t\t\t\t\t\t\tdata-dim=\"w:886px,1023px,777px,479px;h:558px,644px,489px,301px;\"\n\t\t\t\t\t\t\t\tdata-frame_999=\"o:0;st:w;\"\n\t\t\t\t\t\t\t\tstyle=\"z-index:5;\"\n\t\t\t\t\t\t\t><img src=\"\/\/www.josepbou.com\/wp-content\/plugins\/revslider\/sr6\/assets\/assets\/dummy.png\" alt=\"\" class=\"tp-rs-img rs-lazyload\" width=\"886\" height=\"558\" data-lazyload=\"\/\/www.josepbou.com\/wp-content\/uploads\/2024\/09\/Web-Llibre-AZIMUT-06.jpg\" data-no-retina> \n\t\t\t\t\t\t\t<\/rs-layer><!--\n-->\t\t\t\t\t<\/rs-slide>\n\t\t\t\t\t\t<rs-slide style=\"position: absolute;\" data-key=\"rs-776\" data-title=\"Slide7\" data-in=\"o:0;\" data-out=\"a:false;\">\n\t\t\t\t\t\t\t<img src=\"\/\/www.josepbou.com\/wp-content\/plugins\/revslider\/sr6\/assets\/assets\/dummy.png\" alt=\"Slide7\" title=\"LLIBRE 21. AZIUMUT &#8211; Viatge amb un globus terraq\u00fci\" class=\"rev-slidebg tp-rs-img rs-lazyload\" data-lazyload=\"\/\/www.josepbou.com\/wp-content\/plugins\/revslider\/sr6\/assets\/assets\/transparent.png\" data-no-retina>\n<!--\n\t\t\t\t\t\t\t--><rs-layer\n\t\t\t\t\t\t\t\tid=\"slider-70-slide-776-layer-6\" \n\t\t\t\t\t\t\t\tdata-type=\"image\"\n\t\t\t\t\t\t\t\tdata-rsp_ch=\"on\"\n\t\t\t\t\t\t\t\tdata-xy=\"x:c;y:m;\"\n\t\t\t\t\t\t\t\tdata-text=\"w:normal;s:20,23,17,10;l:0,28,21,12;\"\n\t\t\t\t\t\t\t\tdata-dim=\"w:886px,1023px,777px,479px;h:559px,646px,490px,302px;\"\n\t\t\t\t\t\t\t\tdata-frame_999=\"o:0;st:w;\"\n\t\t\t\t\t\t\t\tstyle=\"z-index:5;\"\n\t\t\t\t\t\t\t><img src=\"\/\/www.josepbou.com\/wp-content\/plugins\/revslider\/sr6\/assets\/assets\/dummy.png\" alt=\"\" class=\"tp-rs-img rs-lazyload\" width=\"886\" height=\"559\" data-lazyload=\"\/\/www.josepbou.com\/wp-content\/uploads\/2024\/09\/Web-Llibre-AZIMUT-07.jpg\" data-no-retina> \n\t\t\t\t\t\t\t<\/rs-layer><!--\n-->\t\t\t\t\t<\/rs-slide>\n\t\t\t\t\t\t<rs-slide style=\"position: absolute;\" data-key=\"rs-777\" data-title=\"Slide8\" data-in=\"o:0;\" data-out=\"a:false;\">\n\t\t\t\t\t\t\t<img src=\"\/\/www.josepbou.com\/wp-content\/plugins\/revslider\/sr6\/assets\/assets\/dummy.png\" alt=\"Slide8\" title=\"LLIBRE 21. AZIUMUT &#8211; Viatge amb un globus terraq\u00fci\" class=\"rev-slidebg tp-rs-img rs-lazyload\" data-lazyload=\"\/\/www.josepbou.com\/wp-content\/plugins\/revslider\/sr6\/assets\/assets\/transparent.png\" data-no-retina>\n<!--\n\t\t\t\t\t\t\t--><rs-layer\n\t\t\t\t\t\t\t\tid=\"slider-70-slide-777-layer-7\" \n\t\t\t\t\t\t\t\tdata-type=\"image\"\n\t\t\t\t\t\t\t\tdata-rsp_ch=\"on\"\n\t\t\t\t\t\t\t\tdata-xy=\"x:c;y:m;\"\n\t\t\t\t\t\t\t\tdata-text=\"w:normal;s:20,23,17,10;l:0,28,21,12;\"\n\t\t\t\t\t\t\t\tdata-dim=\"w:886px,1023px,777px,479px;h:554px,640px,486px,299px;\"\n\t\t\t\t\t\t\t\tdata-frame_999=\"o:0;st:w;\"\n\t\t\t\t\t\t\t\tstyle=\"z-index:5;\"\n\t\t\t\t\t\t\t><img src=\"\/\/www.josepbou.com\/wp-content\/plugins\/revslider\/sr6\/assets\/assets\/dummy.png\" alt=\"\" class=\"tp-rs-img rs-lazyload\" width=\"886\" height=\"554\" data-lazyload=\"\/\/www.josepbou.com\/wp-content\/uploads\/2024\/09\/Web-Llibre-AZIMUT-08.jpg\" data-no-retina> \n\t\t\t\t\t\t\t<\/rs-layer><!--\n-->\t\t\t\t\t<\/rs-slide>\n\t\t\t\t\t\t<rs-slide style=\"position: absolute;\" data-key=\"rs-778\" data-title=\"Slide9\" data-in=\"o:0;\" data-out=\"a:false;\">\n\t\t\t\t\t\t\t<img src=\"\/\/www.josepbou.com\/wp-content\/plugins\/revslider\/sr6\/assets\/assets\/dummy.png\" alt=\"Slide9\" title=\"LLIBRE 21. AZIUMUT &#8211; Viatge amb un globus terraq\u00fci\" class=\"rev-slidebg tp-rs-img rs-lazyload\" data-lazyload=\"\/\/www.josepbou.com\/wp-content\/plugins\/revslider\/sr6\/assets\/assets\/transparent.png\" data-no-retina>\n<!--\n\t\t\t\t\t\t\t--><rs-layer\n\t\t\t\t\t\t\t\tid=\"slider-70-slide-778-layer-8\" \n\t\t\t\t\t\t\t\tdata-type=\"image\"\n\t\t\t\t\t\t\t\tdata-rsp_ch=\"on\"\n\t\t\t\t\t\t\t\tdata-xy=\"x:c;y:m;\"\n\t\t\t\t\t\t\t\tdata-text=\"w:normal;s:20,23,17,10;l:0,28,21,12;\"\n\t\t\t\t\t\t\t\tdata-dim=\"w:886px,1023px,777px,479px;h:558px,644px,489px,301px;\"\n\t\t\t\t\t\t\t\tdata-frame_999=\"o:0;st:w;\"\n\t\t\t\t\t\t\t\tstyle=\"z-index:5;\"\n\t\t\t\t\t\t\t><img src=\"\/\/www.josepbou.com\/wp-content\/plugins\/revslider\/sr6\/assets\/assets\/dummy.png\" alt=\"\" class=\"tp-rs-img rs-lazyload\" width=\"886\" height=\"558\" data-lazyload=\"\/\/www.josepbou.com\/wp-content\/uploads\/2024\/09\/Web-Llibre-AZIMUT-09.jpg\" data-no-retina> \n\t\t\t\t\t\t\t<\/rs-layer><!--\n-->\t\t\t\t\t<\/rs-slide>\n\t\t\t\t\t\t<rs-slide style=\"position: absolute;\" data-key=\"rs-779\" data-title=\"Slide10\" data-in=\"o:0;\" data-out=\"a:false;\">\n\t\t\t\t\t\t\t<img src=\"\/\/www.josepbou.com\/wp-content\/plugins\/revslider\/sr6\/assets\/assets\/dummy.png\" alt=\"Slide10\" title=\"LLIBRE 21. AZIUMUT &#8211; Viatge amb un globus terraq\u00fci\" class=\"rev-slidebg tp-rs-img rs-lazyload\" data-lazyload=\"\/\/www.josepbou.com\/wp-content\/plugins\/revslider\/sr6\/assets\/assets\/transparent.png\" data-no-retina>\n<!--\n\t\t\t\t\t\t\t--><rs-layer\n\t\t\t\t\t\t\t\tid=\"slider-70-slide-779-layer-9\" \n\t\t\t\t\t\t\t\tdata-type=\"image\"\n\t\t\t\t\t\t\t\tdata-rsp_ch=\"on\"\n\t\t\t\t\t\t\t\tdata-xy=\"x:c;y:m;\"\n\t\t\t\t\t\t\t\tdata-text=\"w:normal;s:20,23,17,10;l:0,28,21,12;\"\n\t\t\t\t\t\t\t\tdata-dim=\"w:886px,1023px,777px,479px;h:558px,644px,489px,301px;\"\n\t\t\t\t\t\t\t\tdata-frame_999=\"o:0;st:w;\"\n\t\t\t\t\t\t\t\tstyle=\"z-index:5;\"\n\t\t\t\t\t\t\t><img src=\"\/\/www.josepbou.com\/wp-content\/plugins\/revslider\/sr6\/assets\/assets\/dummy.png\" alt=\"\" class=\"tp-rs-img rs-lazyload\" width=\"886\" height=\"558\" data-lazyload=\"\/\/www.josepbou.com\/wp-content\/uploads\/2024\/09\/Web-Llibre-AZIMUT-10.jpg\" data-no-retina> \n\t\t\t\t\t\t\t<\/rs-layer><!--\n-->\t\t\t\t\t<\/rs-slide>\n\t\t\t\t\t\t<rs-slide style=\"position: absolute;\" data-key=\"rs-780\" data-title=\"Slide11\" data-in=\"o:0;\" data-out=\"a:false;\">\n\t\t\t\t\t\t\t<img src=\"\/\/www.josepbou.com\/wp-content\/plugins\/revslider\/sr6\/assets\/assets\/dummy.png\" alt=\"Slide11\" title=\"LLIBRE 21. AZIUMUT &#8211; Viatge amb un globus terraq\u00fci\" class=\"rev-slidebg tp-rs-img rs-lazyload\" data-lazyload=\"\/\/www.josepbou.com\/wp-content\/plugins\/revslider\/sr6\/assets\/assets\/transparent.png\" data-no-retina>\n<!--\n\t\t\t\t\t\t\t--><rs-layer\n\t\t\t\t\t\t\t\tid=\"slider-70-slide-780-layer-10\" \n\t\t\t\t\t\t\t\tdata-type=\"image\"\n\t\t\t\t\t\t\t\tdata-rsp_ch=\"on\"\n\t\t\t\t\t\t\t\tdata-xy=\"x:c;y:m;\"\n\t\t\t\t\t\t\t\tdata-text=\"w:normal;s:20,23,17,10;l:0,28,21,12;\"\n\t\t\t\t\t\t\t\tdata-dim=\"w:886px,1023px,777px,479px;h:558px,644px,489px,301px;\"\n\t\t\t\t\t\t\t\tdata-frame_999=\"o:0;st:w;\"\n\t\t\t\t\t\t\t\tstyle=\"z-index:5;\"\n\t\t\t\t\t\t\t><img src=\"\/\/www.josepbou.com\/wp-content\/plugins\/revslider\/sr6\/assets\/assets\/dummy.png\" alt=\"\" class=\"tp-rs-img rs-lazyload\" width=\"886\" height=\"558\" data-lazyload=\"\/\/www.josepbou.com\/wp-content\/uploads\/2024\/09\/Web-Llibre-AZIMUT-11.jpg\" data-no-retina> \n\t\t\t\t\t\t\t<\/rs-layer><!--\n-->\t\t\t\t\t<\/rs-slide>\n\t\t\t\t\t\t<rs-slide style=\"position: absolute;\" data-key=\"rs-781\" data-title=\"Slide12\" data-in=\"o:0;\" data-out=\"a:false;\">\n\t\t\t\t\t\t\t<img src=\"\/\/www.josepbou.com\/wp-content\/plugins\/revslider\/sr6\/assets\/assets\/dummy.png\" alt=\"Slide12\" title=\"LLIBRE 21. AZIUMUT &#8211; Viatge amb un globus terraq\u00fci\" class=\"rev-slidebg tp-rs-img rs-lazyload\" data-lazyload=\"\/\/www.josepbou.com\/wp-content\/plugins\/revslider\/sr6\/assets\/assets\/transparent.png\" data-no-retina>\n<!--\n\t\t\t\t\t\t\t--><rs-layer\n\t\t\t\t\t\t\t\tid=\"slider-70-slide-781-layer-11\" \n\t\t\t\t\t\t\t\tdata-type=\"image\"\n\t\t\t\t\t\t\t\tdata-rsp_ch=\"on\"\n\t\t\t\t\t\t\t\tdata-xy=\"x:c;y:m;\"\n\t\t\t\t\t\t\t\tdata-text=\"w:normal;s:20,23,17,10;l:0,28,21,12;\"\n\t\t\t\t\t\t\t\tdata-dim=\"w:886px,1023px,777px,479px;h:558px,644px,489px,301px;\"\n\t\t\t\t\t\t\t\tdata-frame_999=\"o:0;st:w;\"\n\t\t\t\t\t\t\t\tstyle=\"z-index:5;\"\n\t\t\t\t\t\t\t><img src=\"\/\/www.josepbou.com\/wp-content\/plugins\/revslider\/sr6\/assets\/assets\/dummy.png\" alt=\"\" class=\"tp-rs-img rs-lazyload\" width=\"886\" height=\"558\" data-lazyload=\"\/\/www.josepbou.com\/wp-content\/uploads\/2024\/09\/Web-Llibre-AZIMUT-12.jpg\" data-no-retina> \n\t\t\t\t\t\t\t<\/rs-layer><!--\n-->\t\t\t\t\t<\/rs-slide>\n\t\t\t\t\t\t<rs-slide style=\"position: absolute;\" data-key=\"rs-782\" data-title=\"Slide13\" data-in=\"o:0;\" data-out=\"a:false;\">\n\t\t\t\t\t\t\t<img src=\"\/\/www.josepbou.com\/wp-content\/plugins\/revslider\/sr6\/assets\/assets\/dummy.png\" alt=\"Slide13\" title=\"LLIBRE 21. AZIUMUT &#8211; Viatge amb un globus terraq\u00fci\" class=\"rev-slidebg tp-rs-img rs-lazyload\" data-lazyload=\"\/\/www.josepbou.com\/wp-content\/plugins\/revslider\/sr6\/assets\/assets\/transparent.png\" data-no-retina>\n<!--\n\t\t\t\t\t\t\t--><rs-layer\n\t\t\t\t\t\t\t\tid=\"slider-70-slide-782-layer-12\" \n\t\t\t\t\t\t\t\tdata-type=\"image\"\n\t\t\t\t\t\t\t\tdata-rsp_ch=\"on\"\n\t\t\t\t\t\t\t\tdata-xy=\"x:c;y:m;\"\n\t\t\t\t\t\t\t\tdata-text=\"w:normal;s:20,23,17,10;l:0,28,21,12;\"\n\t\t\t\t\t\t\t\tdata-dim=\"w:886px,1023px,777px,479px;h:558px,644px,489px,301px;\"\n\t\t\t\t\t\t\t\tdata-frame_999=\"o:0;st:w;\"\n\t\t\t\t\t\t\t\tstyle=\"z-index:5;\"\n\t\t\t\t\t\t\t><img src=\"\/\/www.josepbou.com\/wp-content\/plugins\/revslider\/sr6\/assets\/assets\/dummy.png\" alt=\"\" class=\"tp-rs-img rs-lazyload\" width=\"886\" height=\"558\" data-lazyload=\"\/\/www.josepbou.com\/wp-content\/uploads\/2024\/09\/Web-Llibre-AZIMUT-13.jpg\" data-no-retina> \n\t\t\t\t\t\t\t<\/rs-layer><!--\n-->\t\t\t\t\t<\/rs-slide>\n\t\t\t\t\t<\/rs-slides>\n\t\t\t\t<\/rs-module>\n\t\t\t\t<script>\n\t\t\t\t\tsetREVStartSize({c: 'rev_slider_70_1',rl:[1240,1024,778,480],el:[558,768,960,720],gw:[886,1024,778,480],gh:[558,768,960,720],type:'standard',justify:'',layout:'fullwidth',mh:\"0\"});if (window.RS_MODULES!==undefined && window.RS_MODULES.modules!==undefined && window.RS_MODULES.modules[\"revslider701\"]!==undefined) {window.RS_MODULES.modules[\"revslider701\"].once = false;window.revapi70 = undefined;if (window.RS_MODULES.checkMinimal!==undefined) window.RS_MODULES.checkMinimal()}\n\t\t\t\t<\/script>\n\t\t\t<\/rs-module-wrap>\n\t\t\t<!-- END REVOLUTION SLIDER -->\n[\/vc_column][\/vc_row][vc_row][vc_column][vc_column_text font_family=\u00bbVerdana, Geneva, sans-serif\u00bb]Rodar m\u00f3n amb un <strong>globus terraq\u00fci<\/strong> ha estat una pr\u00e0ctica art\u00edstica on debatre amb mi mateix l\u2019articulaci\u00f3 del proc\u00e9s de realitzaci\u00f3, investigaci\u00f3, reflexi\u00f3, an\u00e0lisi, estrat\u00e8gia i, fins i tot, interessos a curt o llarg termini d\u2019un projecte fotogr\u00e0fic. Una \u00e0rea de debat actiu entre el <strong>globus terraq\u00fci<\/strong> i diferents enclavaments que es troben convivint en una converg\u00e8ncia espacial i temporal determinada.<\/p>\n<p>Les hores de reflexi\u00f3 sobre de quina manera havia d\u2019encarar el projecte van conduir-me a la decisi\u00f3 de que volia que l\u2019<strong>atzar<\/strong> form\u00e9s part d\u2019ell tot essent-ne un element preeminent. Aquesta decisi\u00f3 va portar-me a assignar al projecte, nom\u00e9s, cinc globus terraq\u00fcis. Quan mor\u00eds el darrer, jo clouria el projecte.<\/p>\n<p>Si la primera pauta que vaig donar-me per la construcci\u00f3 del projecte fou l\u2019<strong>atzar<\/strong>, la segona fou el <strong>viatge<\/strong> prenent com a punt de sortida el llogarret de la Catalunya interior on vivia amb la Teresa, la meva companya de vida que \u00e9s c\u00f2mplice d\u2019aventures i imprescindible en aquest com en tots els meus projectes. Vam viatjar durant cinc anys amb un globus terraq\u00fci instal\u00b7lat al seient del darrere del cotxe. I quan dic viatjar em refereixo des d\u2019anar a comprar el pa al poble ve\u00ed o anar a Bilbao per tornar a veure el <em>Puppy<\/em>, l\u2019escultura realitzada per Jeff Koons.<\/p>\n<p>L\u2019an\u00e0lisi del projecte en la seva globalitat per adaptar-lo del format <em>online<\/em> al de llibre m\u2019ha perm\u00e8s adonar-me que els objectius marcats en el moment de la seva creaci\u00f3 i motiu de la seva realitzaci\u00f3 han estat assolits en escreix.<\/p>\n<p>Resum del text de presentaci\u00f3 <em>Viatge amb un globus terraq\u00fci<\/em> de Josep Bou, editat el 2022[\/vc_column_text][\/vc_column][\/vc_row]\n<\/div>","protected":false},"excerpt":{"rendered":"<p>[vc_row][vc_column][\/vc_column][\/vc_row][vc_row][vc_column][vc_column_text font_family=\u00bbVerdana, Geneva, sans-serif\u00bb]Rodar m\u00f3n amb un globus terraq\u00fci ha estat una pr\u00e0ctica art\u00edstica on debatre amb mi mateix l\u2019articulaci\u00f3 del proc\u00e9s de realitzaci\u00f3, investigaci\u00f3, reflexi\u00f3, an\u00e0lisi, estrat\u00e8gia i, fins i tot, interessos a curt o llarg termini d\u2019un projecte fotogr\u00e0fic. Una \u00e0rea de debat actiu entre el globus terraq\u00fci i diferents enclavaments que es&hellip;<\/p>\n","protected":false},"author":1,"featured_media":0,"parent":0,"menu_order":0,"comment_status":"closed","ping_status":"closed","template":"","meta":{"footnotes":""},"class_list":["post-1170","page","type-page","status-publish","hentry","entry","no-media"],"_links":{"self":[{"href":"https:\/\/www.josepbou.com\/index.php?rest_route=\/wp\/v2\/pages\/1170","targetHints":{"allow":["GET"]}}],"collection":[{"href":"https:\/\/www.josepbou.com\/index.php?rest_route=\/wp\/v2\/pages"}],"about":[{"href":"https:\/\/www.josepbou.com\/index.php?rest_route=\/wp\/v2\/types\/page"}],"author":[{"embeddable":true,"href":"https:\/\/www.josepbou.com\/index.php?rest_route=\/wp\/v2\/users\/1"}],"replies":[{"embeddable":true,"href":"https:\/\/www.josepbou.com\/index.php?rest_route=%2Fwp%2Fv2%2Fcomments&post=1170"}],"version-history":[{"count":2,"href":"https:\/\/www.josepbou.com\/index.php?rest_route=\/wp\/v2\/pages\/1170\/revisions"}],"predecessor-version":[{"id":1172,"href":"https:\/\/www.josepbou.com\/index.php?rest_route=\/wp\/v2\/pages\/1170\/revisions\/1172"}],"wp:attachment":[{"href":"https:\/\/www.josepbou.com\/index.php?rest_route=%2Fwp%2Fv2%2Fmedia&parent=1170"}],"curies":[{"name":"wp","href":"https:\/\/api.w.org\/{rel}","templated":true}]}}