{"id":1113,"date":"2024-06-10T20:08:43","date_gmt":"2024-06-10T18:08:43","guid":{"rendered":"http:\/\/www.josepbou.com\/?page_id=1113"},"modified":"2024-09-26T08:32:41","modified_gmt":"2024-09-26T06:32:41","slug":"libro-18-covid-19","status":"publish","type":"page","link":"https:\/\/www.josepbou.com\/?page_id=1113","title":{"rendered":"LIBRO 18. COVID 19 &#8211; Josep Bou, fotografies des del balc\u00f2"},"content":{"rendered":"<div class=\"wpb-content-wrapper\">[vc_row][vc_column]\n\t\t\t<!-- START Libro18 REVOLUTION SLIDER 6.7.4 --><p class=\"rs-p-wp-fix\"><\/p>\n\t\t\t<rs-module-wrap id=\"rev_slider_67_1_wrapper\" data-source=\"gallery\" style=\"visibility:hidden;background:transparent;padding:0;margin:0px auto;margin-top:0;margin-bottom:0;\">\n\t\t\t\t<rs-module id=\"rev_slider_67_1\" style=\"\" data-version=\"6.7.4\">\n\t\t\t\t\t<rs-slides style=\"overflow: hidden; position: absolute;\">\n\t\t\t\t\t\t<rs-slide style=\"position: absolute;\" data-key=\"rs-731\" data-title=\"Slide1\" data-in=\"o:0;\" data-out=\"a:false;\">\n\t\t\t\t\t\t\t<img src=\"\/\/www.josepbou.com\/wp-content\/plugins\/revslider\/sr6\/assets\/assets\/dummy.png\" alt=\"Slide1\" title=\"LIBRO 18. COVID 19 &#8211; Josep Bou, fotografies des del balc\u00f2\" class=\"rev-slidebg tp-rs-img rs-lazyload\" data-lazyload=\"\/\/www.josepbou.com\/wp-content\/plugins\/revslider\/sr6\/assets\/assets\/transparent.png\" data-no-retina>\n<!--\n\t\t\t\t\t\t\t--><rs-layer\n\t\t\t\t\t\t\t\tid=\"slider-67-slide-731-layer-0\" \n\t\t\t\t\t\t\t\tdata-type=\"image\"\n\t\t\t\t\t\t\t\tdata-rsp_ch=\"on\"\n\t\t\t\t\t\t\t\tdata-xy=\"x:c;y:m;\"\n\t\t\t\t\t\t\t\tdata-text=\"w:normal;s:20,23,17,10;l:0,28,21,12;\"\n\t\t\t\t\t\t\t\tdata-dim=\"w:886px,1023px,777px,479px;h:554px,640px,486px,299px;\"\n\t\t\t\t\t\t\t\tdata-frame_999=\"o:0;st:w;\"\n\t\t\t\t\t\t\t\tstyle=\"z-index:5;\"\n\t\t\t\t\t\t\t><img src=\"\/\/www.josepbou.com\/wp-content\/plugins\/revslider\/sr6\/assets\/assets\/dummy.png\" alt=\"\" class=\"tp-rs-img rs-lazyload\" width=\"886\" height=\"554\" data-lazyload=\"\/\/www.josepbou.com\/wp-content\/uploads\/2024\/09\/Web-Llibre-Covid-01-.jpg\" data-no-retina> \n\t\t\t\t\t\t\t<\/rs-layer><!--\n-->\t\t\t\t\t<\/rs-slide>\n\t\t\t\t\t\t<rs-slide style=\"position: absolute;\" data-key=\"rs-732\" data-title=\"Slide2\" data-in=\"o:0;\" data-out=\"a:false;\">\n\t\t\t\t\t\t\t<img src=\"\/\/www.josepbou.com\/wp-content\/plugins\/revslider\/sr6\/assets\/assets\/dummy.png\" alt=\"Slide2\" title=\"LIBRO 18. COVID 19 &#8211; Josep Bou, fotografies des del balc\u00f2\" class=\"rev-slidebg tp-rs-img rs-lazyload\" data-lazyload=\"\/\/www.josepbou.com\/wp-content\/plugins\/revslider\/sr6\/assets\/assets\/transparent.png\" data-no-retina>\n<!--\n\t\t\t\t\t\t\t--><rs-layer\n\t\t\t\t\t\t\t\tid=\"slider-67-slide-732-layer-1\" \n\t\t\t\t\t\t\t\tdata-type=\"image\"\n\t\t\t\t\t\t\t\tdata-rsp_ch=\"on\"\n\t\t\t\t\t\t\t\tdata-xy=\"x:c;y:m;\"\n\t\t\t\t\t\t\t\tdata-text=\"w:normal;s:20,23,17,10;l:0,28,21,12;\"\n\t\t\t\t\t\t\t\tdata-dim=\"w:886px,1023px,777px,479px;h:554px,640px,486px,299px;\"\n\t\t\t\t\t\t\t\tdata-frame_999=\"o:0;st:w;\"\n\t\t\t\t\t\t\t\tstyle=\"z-index:5;\"\n\t\t\t\t\t\t\t><img src=\"\/\/www.josepbou.com\/wp-content\/plugins\/revslider\/sr6\/assets\/assets\/dummy.png\" alt=\"\" class=\"tp-rs-img rs-lazyload\" width=\"886\" height=\"554\" data-lazyload=\"\/\/www.josepbou.com\/wp-content\/uploads\/2024\/09\/Web-Llibre-Covid-02-.jpg\" data-no-retina> \n\t\t\t\t\t\t\t<\/rs-layer><!--\n-->\t\t\t\t\t<\/rs-slide>\n\t\t\t\t\t\t<rs-slide style=\"position: absolute;\" data-key=\"rs-733\" data-title=\"Slide3\" data-in=\"o:0;\" data-out=\"a:false;\">\n\t\t\t\t\t\t\t<img src=\"\/\/www.josepbou.com\/wp-content\/plugins\/revslider\/sr6\/assets\/assets\/dummy.png\" alt=\"Slide3\" title=\"LIBRO 18. COVID 19 &#8211; Josep Bou, fotografies des del balc\u00f2\" class=\"rev-slidebg tp-rs-img rs-lazyload\" data-lazyload=\"\/\/www.josepbou.com\/wp-content\/plugins\/revslider\/sr6\/assets\/assets\/transparent.png\" data-no-retina>\n<!--\n\t\t\t\t\t\t\t--><rs-layer\n\t\t\t\t\t\t\t\tid=\"slider-67-slide-733-layer-2\" \n\t\t\t\t\t\t\t\tdata-type=\"image\"\n\t\t\t\t\t\t\t\tdata-rsp_ch=\"on\"\n\t\t\t\t\t\t\t\tdata-xy=\"x:c;y:m;\"\n\t\t\t\t\t\t\t\tdata-text=\"w:normal;s:20,23,17,10;l:0,28,21,12;\"\n\t\t\t\t\t\t\t\tdata-dim=\"w:886px,1023px,777px,479px;h:554px,640px,486px,299px;\"\n\t\t\t\t\t\t\t\tdata-frame_999=\"o:0;st:w;\"\n\t\t\t\t\t\t\t\tstyle=\"z-index:5;\"\n\t\t\t\t\t\t\t><img src=\"\/\/www.josepbou.com\/wp-content\/plugins\/revslider\/sr6\/assets\/assets\/dummy.png\" alt=\"\" class=\"tp-rs-img rs-lazyload\" width=\"886\" height=\"554\" data-lazyload=\"\/\/www.josepbou.com\/wp-content\/uploads\/2024\/09\/Web-Llibre-Covid-03-.jpg\" data-no-retina> \n\t\t\t\t\t\t\t<\/rs-layer><!--\n-->\t\t\t\t\t<\/rs-slide>\n\t\t\t\t\t\t<rs-slide style=\"position: absolute;\" data-key=\"rs-734\" data-title=\"Slide4\" data-in=\"o:0;\" data-out=\"a:false;\">\n\t\t\t\t\t\t\t<img src=\"\/\/www.josepbou.com\/wp-content\/plugins\/revslider\/sr6\/assets\/assets\/dummy.png\" alt=\"Slide4\" title=\"LIBRO 18. COVID 19 &#8211; Josep Bou, fotografies des del balc\u00f2\" class=\"rev-slidebg tp-rs-img rs-lazyload\" data-lazyload=\"\/\/www.josepbou.com\/wp-content\/plugins\/revslider\/sr6\/assets\/assets\/transparent.png\" data-no-retina>\n<!--\n\t\t\t\t\t\t\t--><rs-layer\n\t\t\t\t\t\t\t\tid=\"slider-67-slide-734-layer-3\" \n\t\t\t\t\t\t\t\tdata-type=\"image\"\n\t\t\t\t\t\t\t\tdata-rsp_ch=\"on\"\n\t\t\t\t\t\t\t\tdata-xy=\"x:c;y:m;\"\n\t\t\t\t\t\t\t\tdata-text=\"w:normal;s:20,23,17,10;l:0,28,21,12;\"\n\t\t\t\t\t\t\t\tdata-dim=\"w:886px,1023px,777px,479px;h:554px,640px,486px,299px;\"\n\t\t\t\t\t\t\t\tdata-frame_999=\"o:0;st:w;\"\n\t\t\t\t\t\t\t\tstyle=\"z-index:5;\"\n\t\t\t\t\t\t\t><img src=\"\/\/www.josepbou.com\/wp-content\/plugins\/revslider\/sr6\/assets\/assets\/dummy.png\" alt=\"\" class=\"tp-rs-img rs-lazyload\" width=\"886\" height=\"554\" data-lazyload=\"\/\/www.josepbou.com\/wp-content\/uploads\/2024\/09\/Web-Llibre-Covid-04-.jpg\" data-no-retina> \n\t\t\t\t\t\t\t<\/rs-layer><!--\n-->\t\t\t\t\t<\/rs-slide>\n\t\t\t\t\t\t<rs-slide style=\"position: absolute;\" data-key=\"rs-735\" data-title=\"Slide5\" data-in=\"o:0;\" data-out=\"a:false;\">\n\t\t\t\t\t\t\t<img src=\"\/\/www.josepbou.com\/wp-content\/plugins\/revslider\/sr6\/assets\/assets\/dummy.png\" alt=\"Slide5\" title=\"LIBRO 18. COVID 19 &#8211; Josep Bou, fotografies des del balc\u00f2\" class=\"rev-slidebg tp-rs-img rs-lazyload\" data-lazyload=\"\/\/www.josepbou.com\/wp-content\/plugins\/revslider\/sr6\/assets\/assets\/transparent.png\" data-no-retina>\n<!--\n\t\t\t\t\t\t\t--><rs-layer\n\t\t\t\t\t\t\t\tid=\"slider-67-slide-735-layer-4\" \n\t\t\t\t\t\t\t\tdata-type=\"image\"\n\t\t\t\t\t\t\t\tdata-rsp_ch=\"on\"\n\t\t\t\t\t\t\t\tdata-xy=\"x:c;y:m;\"\n\t\t\t\t\t\t\t\tdata-text=\"w:normal;s:20,23,17,10;l:0,28,21,12;\"\n\t\t\t\t\t\t\t\tdata-dim=\"w:886px,1023px,777px,479px;h:554px,640px,486px,299px;\"\n\t\t\t\t\t\t\t\tdata-frame_999=\"o:0;st:w;\"\n\t\t\t\t\t\t\t\tstyle=\"z-index:5;\"\n\t\t\t\t\t\t\t><img src=\"\/\/www.josepbou.com\/wp-content\/plugins\/revslider\/sr6\/assets\/assets\/dummy.png\" alt=\"\" class=\"tp-rs-img rs-lazyload\" width=\"886\" height=\"554\" data-lazyload=\"\/\/www.josepbou.com\/wp-content\/uploads\/2024\/09\/Web-Llibre-Covid-05-.jpg\" data-no-retina> \n\t\t\t\t\t\t\t<\/rs-layer><!--\n-->\t\t\t\t\t<\/rs-slide>\n\t\t\t\t\t\t<rs-slide style=\"position: absolute;\" data-key=\"rs-736\" data-title=\"Slide6\" data-in=\"o:0;\" data-out=\"a:false;\">\n\t\t\t\t\t\t\t<img src=\"\/\/www.josepbou.com\/wp-content\/plugins\/revslider\/sr6\/assets\/assets\/dummy.png\" alt=\"Slide6\" title=\"LIBRO 18. COVID 19 &#8211; Josep Bou, fotografies des del balc\u00f2\" class=\"rev-slidebg tp-rs-img rs-lazyload\" data-lazyload=\"\/\/www.josepbou.com\/wp-content\/plugins\/revslider\/sr6\/assets\/assets\/transparent.png\" data-no-retina>\n<!--\n\t\t\t\t\t\t\t--><rs-layer\n\t\t\t\t\t\t\t\tid=\"slider-67-slide-736-layer-5\" \n\t\t\t\t\t\t\t\tdata-type=\"image\"\n\t\t\t\t\t\t\t\tdata-rsp_ch=\"on\"\n\t\t\t\t\t\t\t\tdata-xy=\"x:c;y:m;\"\n\t\t\t\t\t\t\t\tdata-text=\"w:normal;s:20,23,17,10;l:0,28,21,12;\"\n\t\t\t\t\t\t\t\tdata-dim=\"w:886px,1023px,777px,479px;h:553px,639px,485px,299px;\"\n\t\t\t\t\t\t\t\tdata-frame_999=\"o:0;st:w;\"\n\t\t\t\t\t\t\t\tstyle=\"z-index:5;\"\n\t\t\t\t\t\t\t><img src=\"\/\/www.josepbou.com\/wp-content\/plugins\/revslider\/sr6\/assets\/assets\/dummy.png\" alt=\"\" class=\"tp-rs-img rs-lazyload\" width=\"886\" height=\"553\" data-lazyload=\"\/\/www.josepbou.com\/wp-content\/uploads\/2024\/09\/Web-Llibre-Covid-06-.jpg\" data-no-retina> \n\t\t\t\t\t\t\t<\/rs-layer><!--\n-->\t\t\t\t\t<\/rs-slide>\n\t\t\t\t\t\t<rs-slide style=\"position: absolute;\" data-key=\"rs-737\" data-title=\"Slide7\" data-in=\"o:0;\" data-out=\"a:false;\">\n\t\t\t\t\t\t\t<img src=\"\/\/www.josepbou.com\/wp-content\/plugins\/revslider\/sr6\/assets\/assets\/dummy.png\" alt=\"Slide7\" title=\"LIBRO 18. COVID 19 &#8211; Josep Bou, fotografies des del balc\u00f2\" class=\"rev-slidebg tp-rs-img rs-lazyload\" data-lazyload=\"\/\/www.josepbou.com\/wp-content\/plugins\/revslider\/sr6\/assets\/assets\/transparent.png\" data-no-retina>\n<!--\n\t\t\t\t\t\t\t--><rs-layer\n\t\t\t\t\t\t\t\tid=\"slider-67-slide-737-layer-6\" \n\t\t\t\t\t\t\t\tdata-type=\"image\"\n\t\t\t\t\t\t\t\tdata-rsp_ch=\"on\"\n\t\t\t\t\t\t\t\tdata-xy=\"x:c;y:m;\"\n\t\t\t\t\t\t\t\tdata-text=\"w:normal;s:20,23,17,10;l:0,28,21,12;\"\n\t\t\t\t\t\t\t\tdata-dim=\"w:886px,1023px,777px,479px;h:554px,640px,486px,299px;\"\n\t\t\t\t\t\t\t\tdata-frame_999=\"o:0;st:w;\"\n\t\t\t\t\t\t\t\tstyle=\"z-index:5;\"\n\t\t\t\t\t\t\t><img src=\"\/\/www.josepbou.com\/wp-content\/plugins\/revslider\/sr6\/assets\/assets\/dummy.png\" alt=\"\" class=\"tp-rs-img rs-lazyload\" width=\"886\" height=\"554\" data-lazyload=\"\/\/www.josepbou.com\/wp-content\/uploads\/2024\/09\/Web-Llibre-Covid-07-.jpg\" data-no-retina> \n\t\t\t\t\t\t\t<\/rs-layer><!--\n-->\t\t\t\t\t<\/rs-slide>\n\t\t\t\t\t\t<rs-slide style=\"position: absolute;\" data-key=\"rs-738\" data-title=\"Slide8\" data-in=\"o:0;\" data-out=\"a:false;\">\n\t\t\t\t\t\t\t<img src=\"\/\/www.josepbou.com\/wp-content\/plugins\/revslider\/sr6\/assets\/assets\/dummy.png\" alt=\"Slide8\" title=\"LIBRO 18. COVID 19 &#8211; Josep Bou, fotografies des del balc\u00f2\" class=\"rev-slidebg tp-rs-img rs-lazyload\" data-lazyload=\"\/\/www.josepbou.com\/wp-content\/plugins\/revslider\/sr6\/assets\/assets\/transparent.png\" data-no-retina>\n<!--\n\t\t\t\t\t\t\t--><rs-layer\n\t\t\t\t\t\t\t\tid=\"slider-67-slide-738-layer-7\" \n\t\t\t\t\t\t\t\tdata-type=\"image\"\n\t\t\t\t\t\t\t\tdata-rsp_ch=\"on\"\n\t\t\t\t\t\t\t\tdata-xy=\"x:c;y:m;\"\n\t\t\t\t\t\t\t\tdata-text=\"w:normal;s:20,23,17,10;l:0,28,21,12;\"\n\t\t\t\t\t\t\t\tdata-dim=\"w:886px,1023px,777px,479px;h:554px,640px,486px,299px;\"\n\t\t\t\t\t\t\t\tdata-frame_999=\"o:0;st:w;\"\n\t\t\t\t\t\t\t\tstyle=\"z-index:5;\"\n\t\t\t\t\t\t\t><img src=\"\/\/www.josepbou.com\/wp-content\/plugins\/revslider\/sr6\/assets\/assets\/dummy.png\" alt=\"\" class=\"tp-rs-img rs-lazyload\" width=\"886\" height=\"554\" data-lazyload=\"\/\/www.josepbou.com\/wp-content\/uploads\/2024\/09\/Web-Llibre-Covid-08-.jpg\" data-no-retina> \n\t\t\t\t\t\t\t<\/rs-layer><!--\n-->\t\t\t\t\t<\/rs-slide>\n\t\t\t\t\t\t<rs-slide style=\"position: absolute;\" data-key=\"rs-739\" data-title=\"Slide9\" data-in=\"o:0;\" data-out=\"a:false;\">\n\t\t\t\t\t\t\t<img src=\"\/\/www.josepbou.com\/wp-content\/plugins\/revslider\/sr6\/assets\/assets\/dummy.png\" alt=\"Slide9\" title=\"LIBRO 18. COVID 19 &#8211; Josep Bou, fotografies des del balc\u00f2\" class=\"rev-slidebg tp-rs-img rs-lazyload\" data-lazyload=\"\/\/www.josepbou.com\/wp-content\/plugins\/revslider\/sr6\/assets\/assets\/transparent.png\" data-no-retina>\n<!--\n\t\t\t\t\t\t\t--><rs-layer\n\t\t\t\t\t\t\t\tid=\"slider-67-slide-739-layer-8\" \n\t\t\t\t\t\t\t\tdata-type=\"image\"\n\t\t\t\t\t\t\t\tdata-rsp_ch=\"on\"\n\t\t\t\t\t\t\t\tdata-xy=\"x:c;y:m;\"\n\t\t\t\t\t\t\t\tdata-text=\"w:normal;s:20,23,17,10;l:0,28,21,12;\"\n\t\t\t\t\t\t\t\tdata-dim=\"w:886px,1023px,777px,479px;h:554px,640px,486px,299px;\"\n\t\t\t\t\t\t\t\tdata-frame_999=\"o:0;st:w;\"\n\t\t\t\t\t\t\t\tstyle=\"z-index:5;\"\n\t\t\t\t\t\t\t><img src=\"\/\/www.josepbou.com\/wp-content\/plugins\/revslider\/sr6\/assets\/assets\/dummy.png\" alt=\"\" class=\"tp-rs-img rs-lazyload\" width=\"886\" height=\"554\" data-lazyload=\"\/\/www.josepbou.com\/wp-content\/uploads\/2024\/09\/Web-Llibre-Covid-09-.jpg\" data-no-retina> \n\t\t\t\t\t\t\t<\/rs-layer><!--\n-->\t\t\t\t\t<\/rs-slide>\n\t\t\t\t\t\t<rs-slide style=\"position: absolute;\" data-key=\"rs-740\" data-title=\"Slide10\" data-in=\"o:0;\" data-out=\"a:false;\">\n\t\t\t\t\t\t\t<img src=\"\/\/www.josepbou.com\/wp-content\/plugins\/revslider\/sr6\/assets\/assets\/dummy.png\" alt=\"Slide10\" title=\"LIBRO 18. COVID 19 &#8211; Josep Bou, fotografies des del balc\u00f2\" class=\"rev-slidebg tp-rs-img rs-lazyload\" data-lazyload=\"\/\/www.josepbou.com\/wp-content\/plugins\/revslider\/sr6\/assets\/assets\/transparent.png\" data-no-retina>\n<!--\n\t\t\t\t\t\t\t--><rs-layer\n\t\t\t\t\t\t\t\tid=\"slider-67-slide-740-layer-9\" \n\t\t\t\t\t\t\t\tdata-type=\"image\"\n\t\t\t\t\t\t\t\tdata-rsp_ch=\"on\"\n\t\t\t\t\t\t\t\tdata-xy=\"x:c;y:m;\"\n\t\t\t\t\t\t\t\tdata-text=\"w:normal;s:20,23,17,10;l:0,28,21,12;\"\n\t\t\t\t\t\t\t\tdata-dim=\"w:886px,1023px,777px,479px;h:554px,640px,486px,299px;\"\n\t\t\t\t\t\t\t\tdata-frame_999=\"o:0;st:w;\"\n\t\t\t\t\t\t\t\tstyle=\"z-index:5;\"\n\t\t\t\t\t\t\t><img src=\"\/\/www.josepbou.com\/wp-content\/plugins\/revslider\/sr6\/assets\/assets\/dummy.png\" alt=\"\" class=\"tp-rs-img rs-lazyload\" width=\"886\" height=\"554\" data-lazyload=\"\/\/www.josepbou.com\/wp-content\/uploads\/2024\/09\/Web-Llibre-Covid-10-.jpg\" data-no-retina> \n\t\t\t\t\t\t\t<\/rs-layer><!--\n-->\t\t\t\t\t<\/rs-slide>\n\t\t\t\t\t\t<rs-slide style=\"position: absolute;\" data-key=\"rs-741\" data-title=\"Slide11\" data-in=\"o:0;\" data-out=\"a:false;\">\n\t\t\t\t\t\t\t<img src=\"\/\/www.josepbou.com\/wp-content\/plugins\/revslider\/sr6\/assets\/assets\/dummy.png\" alt=\"Slide11\" title=\"LIBRO 18. COVID 19 &#8211; Josep Bou, fotografies des del balc\u00f2\" class=\"rev-slidebg tp-rs-img rs-lazyload\" data-lazyload=\"\/\/www.josepbou.com\/wp-content\/plugins\/revslider\/sr6\/assets\/assets\/transparent.png\" data-no-retina>\n<!--\n\t\t\t\t\t\t\t--><rs-layer\n\t\t\t\t\t\t\t\tid=\"slider-67-slide-741-layer-10\" \n\t\t\t\t\t\t\t\tdata-type=\"image\"\n\t\t\t\t\t\t\t\tdata-rsp_ch=\"on\"\n\t\t\t\t\t\t\t\tdata-xy=\"x:c;y:m;\"\n\t\t\t\t\t\t\t\tdata-text=\"w:normal;s:20,23,17,10;l:0,28,21,12;\"\n\t\t\t\t\t\t\t\tdata-dim=\"w:886px,1023px,777px,479px;h:554px,640px,486px,299px;\"\n\t\t\t\t\t\t\t\tdata-frame_999=\"o:0;st:w;\"\n\t\t\t\t\t\t\t\tstyle=\"z-index:5;\"\n\t\t\t\t\t\t\t><img src=\"\/\/www.josepbou.com\/wp-content\/plugins\/revslider\/sr6\/assets\/assets\/dummy.png\" alt=\"\" class=\"tp-rs-img rs-lazyload\" width=\"886\" height=\"554\" data-lazyload=\"\/\/www.josepbou.com\/wp-content\/uploads\/2024\/09\/Web-Llibre-Covid-11-.jpg\" data-no-retina> \n\t\t\t\t\t\t\t<\/rs-layer><!--\n-->\t\t\t\t\t<\/rs-slide>\n\t\t\t\t\t\t<rs-slide style=\"position: absolute;\" data-key=\"rs-742\" data-title=\"Slide12\" data-in=\"o:0;\" data-out=\"a:false;\">\n\t\t\t\t\t\t\t<img src=\"\/\/www.josepbou.com\/wp-content\/plugins\/revslider\/sr6\/assets\/assets\/dummy.png\" alt=\"Slide12\" title=\"LIBRO 18. COVID 19 &#8211; Josep Bou, fotografies des del balc\u00f2\" class=\"rev-slidebg tp-rs-img rs-lazyload\" data-lazyload=\"\/\/www.josepbou.com\/wp-content\/plugins\/revslider\/sr6\/assets\/assets\/transparent.png\" data-no-retina>\n<!--\n\t\t\t\t\t\t\t--><rs-layer\n\t\t\t\t\t\t\t\tid=\"slider-67-slide-742-layer-11\" \n\t\t\t\t\t\t\t\tdata-type=\"image\"\n\t\t\t\t\t\t\t\tdata-rsp_ch=\"on\"\n\t\t\t\t\t\t\t\tdata-xy=\"x:c;y:m;\"\n\t\t\t\t\t\t\t\tdata-text=\"w:normal;s:20,23,17,10;l:0,28,21,12;\"\n\t\t\t\t\t\t\t\tdata-dim=\"w:886px,1023px,777px,479px;h:554px,640px,486px,299px;\"\n\t\t\t\t\t\t\t\tdata-frame_999=\"o:0;st:w;\"\n\t\t\t\t\t\t\t\tstyle=\"z-index:5;\"\n\t\t\t\t\t\t\t><img src=\"\/\/www.josepbou.com\/wp-content\/plugins\/revslider\/sr6\/assets\/assets\/dummy.png\" alt=\"\" class=\"tp-rs-img rs-lazyload\" width=\"886\" height=\"554\" data-lazyload=\"\/\/www.josepbou.com\/wp-content\/uploads\/2024\/09\/Web-Llibre-Covid-12-.jpg\" data-no-retina> \n\t\t\t\t\t\t\t<\/rs-layer><!--\n-->\t\t\t\t\t<\/rs-slide>\n\t\t\t\t\t\t<rs-slide style=\"position: absolute;\" data-key=\"rs-743\" data-title=\"Slide13\" data-in=\"o:0;\" data-out=\"a:false;\">\n\t\t\t\t\t\t\t<img src=\"\/\/www.josepbou.com\/wp-content\/plugins\/revslider\/sr6\/assets\/assets\/dummy.png\" alt=\"Slide13\" title=\"LIBRO 18. COVID 19 &#8211; Josep Bou, fotografies des del balc\u00f2\" class=\"rev-slidebg tp-rs-img rs-lazyload\" data-lazyload=\"\/\/www.josepbou.com\/wp-content\/plugins\/revslider\/sr6\/assets\/assets\/transparent.png\" data-no-retina>\n<!--\n\t\t\t\t\t\t\t--><rs-layer\n\t\t\t\t\t\t\t\tid=\"slider-67-slide-743-layer-12\" \n\t\t\t\t\t\t\t\tdata-type=\"image\"\n\t\t\t\t\t\t\t\tdata-rsp_ch=\"on\"\n\t\t\t\t\t\t\t\tdata-xy=\"x:c;y:m;\"\n\t\t\t\t\t\t\t\tdata-text=\"w:normal;s:20,23,17,10;l:0,28,21,12;\"\n\t\t\t\t\t\t\t\tdata-dim=\"w:886px,1023px,777px,479px;h:554px,640px,486px,299px;\"\n\t\t\t\t\t\t\t\tdata-frame_999=\"o:0;st:w;\"\n\t\t\t\t\t\t\t\tstyle=\"z-index:5;\"\n\t\t\t\t\t\t\t><img src=\"\/\/www.josepbou.com\/wp-content\/plugins\/revslider\/sr6\/assets\/assets\/dummy.png\" alt=\"\" class=\"tp-rs-img rs-lazyload\" width=\"886\" height=\"554\" data-lazyload=\"\/\/www.josepbou.com\/wp-content\/uploads\/2024\/09\/Web-Llibre-Covid-13.jpg\" data-no-retina> \n\t\t\t\t\t\t\t<\/rs-layer><!--\n-->\t\t\t\t\t<\/rs-slide>\n\t\t\t\t\t<\/rs-slides>\n\t\t\t\t<\/rs-module>\n\t\t\t\t<script>\n\t\t\t\t\tsetREVStartSize({c: 'rev_slider_67_1',rl:[1240,1024,778,480],el:[554,768,960,720],gw:[886,1024,778,480],gh:[554,768,960,720],type:'standard',justify:'',layout:'fullwidth',mh:\"0\"});if (window.RS_MODULES!==undefined && window.RS_MODULES.modules!==undefined && window.RS_MODULES.modules[\"revslider671\"]!==undefined) {window.RS_MODULES.modules[\"revslider671\"].once = false;window.revapi67 = undefined;if (window.RS_MODULES.checkMinimal!==undefined) window.RS_MODULES.checkMinimal()}\n\t\t\t\t<\/script>\n\t\t\t<\/rs-module-wrap>\n\t\t\t<!-- END REVOLUTION SLIDER -->\n[\/vc_column][\/vc_row][vc_row][vc_column][vc_column_text font_family=\u00bbVerdana, Geneva, sans-serif\u00bb]<strong>COVIV-19. Josep Bou, fotografies\u00a0 des del balc\u00f3 <\/strong><\/p>\n<p>Si hay algo que no ten\u00eda previsto hacer este a\u00f1o 2020 era un libro fotogr\u00e1fico centrado en un virus i, mucho menos, hacerlo desde el balc\u00f3n de casa en Igualada.<\/p>\n<p>Nunca hab\u00eda afrontado un proyecto fotogr\u00e1fico donde el hilo conductor fuera no pisar la calle, estar siempre en el mismo lugar, estar cada d\u00eda, independientemente que llueva o haga sol. En el mundo de la fotografia hay fot\u00f3grafos que se mueven bien en esas disciplinas creativas. La pel\u00edcula <em>Smoke<\/em> es un referente para los amantes de esta l\u00ednea creativa basada en la frecuencia, reiteraci\u00f3n y reincidencia. Pero si opt\u00e9 por iniciar la construcci\u00f3n de un proyecto desde esta perspectiva fue por la necesidad de mirar y fotografiar. Por eso supongo que entender\u00e9is el porqu\u00e9 coincido plenamente con Ram\u00f3n G\u00f3mez de la Serna cuando afirma que \u201cla vida es mirar. Como el espacio del campo exige paisaje, el hombre exige cosas que ver, que tener delante, que tener alrededor\u201d.<\/p>\n<p><strong>\u00a0<\/strong>La decisi\u00f3n de auto-confinarme con la c\u00e1mara en el balc\u00f3n fue un acierto, ya que fotografiar a los vecinos del barrio me ha permitido hacer un retrato de una peque\u00f1a parte de Igualada, mi ciudad. Muchas singularidades que conforman identidad, a pesar que en ocasiones las ignoremos, han surgido en medio de estos dram\u00e1ticos momentos para la humanidad. Y dir\u00eda que la solidaridad que algunos quiz\u00e1s hab\u00edan olvidado, ha resurgido, ya que seguramente han entendido aquello de que \u201csi yo me cuido, cuido a la comunidad entera\u201d.<\/p>\n<p>Como dec\u00eda el poeta John Donne \u201cla humanidad es un continente\u201d o como dice Nuccio Ordine \u201cning\u00fan hombre es una isla\u201d. Y en la \u00faltima p\u00e1gina de La peste de Albert Cam\u00fas podemos leer: \u201cEsto es lo que se aprende en medio de las plagas. Hay m\u00e1s cosas en los hombres que admirar que no a despreciar\u201d. Las im\u00e1genes capturadas describen y revelan su tiempo, de manera que se proyectan hacia delante sobre nuestro presente para revelar la arqueolog\u00eda que ser\u00e1n en el futuro.<\/p>\n<p>Resumen del texto de presentaci\u00f3n <em>Desde el balc\u00f3n<\/em> de Josep Bou, editado en 2020.[\/vc_column_text][\/vc_column][\/vc_row]\n<\/div>","protected":false},"excerpt":{"rendered":"<p>[vc_row][vc_column][\/vc_column][\/vc_row][vc_row][vc_column][vc_column_text font_family=\u00bbVerdana, Geneva, sans-serif\u00bb]COVIV-19. Josep Bou, fotografies\u00a0 des del balc\u00f3 Si hay algo que no ten\u00eda previsto hacer este a\u00f1o 2020 era un libro fotogr\u00e1fico centrado en un virus i, mucho menos, hacerlo desde el balc\u00f3n de casa en Igualada. Nunca hab\u00eda afrontado un proyecto fotogr\u00e1fico donde el hilo conductor fuera no pisar la calle,&hellip;<\/p>\n","protected":false},"author":1,"featured_media":0,"parent":0,"menu_order":0,"comment_status":"closed","ping_status":"closed","template":"","meta":{"footnotes":""},"class_list":["post-1113","page","type-page","status-publish","hentry","entry","no-media"],"_links":{"self":[{"href":"https:\/\/www.josepbou.com\/index.php?rest_route=\/wp\/v2\/pages\/1113","targetHints":{"allow":["GET"]}}],"collection":[{"href":"https:\/\/www.josepbou.com\/index.php?rest_route=\/wp\/v2\/pages"}],"about":[{"href":"https:\/\/www.josepbou.com\/index.php?rest_route=\/wp\/v2\/types\/page"}],"author":[{"embeddable":true,"href":"https:\/\/www.josepbou.com\/index.php?rest_route=\/wp\/v2\/users\/1"}],"replies":[{"embeddable":true,"href":"https:\/\/www.josepbou.com\/index.php?rest_route=%2Fwp%2Fv2%2Fcomments&post=1113"}],"version-history":[{"count":3,"href":"https:\/\/www.josepbou.com\/index.php?rest_route=\/wp\/v2\/pages\/1113\/revisions"}],"predecessor-version":[{"id":2159,"href":"https:\/\/www.josepbou.com\/index.php?rest_route=\/wp\/v2\/pages\/1113\/revisions\/2159"}],"wp:attachment":[{"href":"https:\/\/www.josepbou.com\/index.php?rest_route=%2Fwp%2Fv2%2Fmedia&parent=1113"}],"curies":[{"name":"wp","href":"https:\/\/api.w.org\/{rel}","templated":true}]}}